{"id":1023,"date":"2018-07-14T07:43:37","date_gmt":"2018-07-14T00:43:37","guid":{"rendered":"http:\/\/daicatquangyen.com\/?post_type=product&#038;p=1023"},"modified":"2026-04-06T09:41:34","modified_gmt":"2026-04-06T02:41:34","slug":"yen-tinh-che-mieng-vuong","status":"publish","type":"product","link":"http:\/\/daicatquangyen.com\/en\/product\/yen-tinh-che-mieng-vuong\/","title":{"rendered":"Fine Bird's Nest (Square Pieces)"},"content":{"rendered":"<p>\u0110\u00f3ng g\u00f3i: H\u1ed9p 50gr\/100gr (10-12 mi\u1ebfng)<\/p>\n<p>Khi thu ho\u1ea1ch t\u1eeb nh\u00e0 y\u1ebfn, y\u1ebfn \u0111\u01b0\u1ee3c ph\u00e2n th\u00e0nh nhi\u1ec1u lo\u1ea1i, lo\u1ea1i t\u1ed5 g\u00e3y, nhi\u1ec1u l\u00f4ng s\u1ebd ng\u00e2m n\u01b0\u1edbc \u0111\u1ea1t \u0111\u1ed9 m\u1ec1m nh\u1ea5t \u0111\u1ecbnh sau \u0111\u00f3 \u0111\u01b0\u1ee3c l\u00e0m s\u1ea1ch, \u0111\u00f3ng khu\u00f4n th\u00e0nh h\u00ecnh v\u00e0 s\u1ea5y kh\u00f4 \u0111\u1ec3 t\u1ea1o th\u00e0nh m\u1ed9t t\u1ed5 y\u1ebfn tinh ch\u1ebf.<\/p>\n<p>Xu\u1ea5t x\u1ee9: T\u1ed5 y\u1ebfn thu t\u1eeb c\u00e1c nh\u00e0 y\u1ebfn ven bi\u1ec3n Nha Trang, Phan Rang..<\/p>\n<p>C\u00e1ch d\u00f9ng:<\/p>\n<ul>\n<li>Ch\u01b0ng v\u1edbi \u0111\u01b0\u1eddng ph\u00e8n<\/li>\n<li>Ch\u1ebf bi\u1ebfn th\u00e0nh c\u00e1c m\u00f3n \u0103n h\u1ee3p kh\u1ea9u v\u1ecb<\/li>\n<li>D\u00f9ng y\u1ebfn ch\u01b0ng t\u1ed1t nh\u1ea5t l\u00e0 khi b\u1ee5ng r\u1ed7ng, 30 ph\u00fat tr\u01b0\u1edbc khi \u0103n s\u00e1ng, bu\u1ed5i x\u1ebf chi\u1ec1u ho\u1eb7c tr\u01b0\u1edbc khi \u0111i ng\u1ee7 \u0111\u1ec3 c\u01a1 th\u1ec3 h\u1ea5p thu to\u00e0n b\u1ed9 dinh d\u01b0\u1ee1ng trong y\u1ebfn.<\/li>\n<li>Tr\u1ebb em t\u1eeb 1: N\u00ean cho b\u00e9 th\u1eed ph\u1ea3n \u1ee9ng v\u1edbi s\u1ea3n ph\u1ea9m tr\u01b0\u1edbc khi d\u00f9ng. N\u00ean cho b\u00e9 d\u00f9ng sau b\u1eefa \u0103n ho\u1eb7c tr\u01b0\u1edbc khi \u0111i ng\u1ee7, d\u00f9ng \u0111\u1ec1u \u0111\u1eb7n c\u00e1ch ng\u00e0y, m\u1ed7i l\u1ea7n t\u1eeb 1-2gr v\u00e0 t\u0103ng d\u1ea7n 2-3gr khi b\u00e9 \u0111\u00e3 quen.<\/li>\n<li>Ng\u01b0\u1eddi gi\u00e0: M\u1ed9t tu\u1ea7n 3 l\u1ea7n, m\u1ed7i l\u1ea7n t\u1eeb 1-3gr y\u1ebfn kh\u00f4.<\/li>\n<li>Ph\u1ee5 n\u1eef c\u00f3 thai sau 3 th\u00e1ng tu\u1ed5i: C\u00f3 th\u1ec3 d\u00f9ng y\u1ebfn \u0111\u1ec1u \u0111\u1eb7n m\u1ed7i ng\u00e0y ho\u1eb7c s\u1eed d\u1ee5ng c\u00e1ch ng\u00e0y. M\u1ed7i tu\u1ea7n d\u00f9ng 1-2 mi\u1ebfng y\u1ebfn.<\/li>\n<\/ul>\n<p>B\u1ea3o qu\u1ea3n n\u01a1i kh\u00f4 r\u00e1o, tr\u00e1nh \u00e1nh s\u00e1ng m\u1eb7t tr\u1eddi tr\u1ef1c ti\u1ebfp.<\/p>","protected":false},"excerpt":{"rendered":"<p>\u0110\u00f3ng g\u00f3i: H\u1ed9p 50gr\/100gr (10-12 mi\u1ebfng) Khi thu ho\u1ea1ch t\u1eeb nh\u00e0 y\u1ebfn, y\u1ebfn \u0111\u01b0\u1ee3c ph\u00e2n th\u00e0nh nhi\u1ec1u lo\u1ea1i, lo\u1ea1i t\u1ed5 g\u00e3y, nhi\u1ec1u l\u00f4ng s\u1ebd ng\u00e2m n\u01b0\u1edbc \u0111\u1ea1t \u0111\u1ed9 m\u1ec1m nh\u1ea5t \u0111\u1ecbnh sau \u0111\u00f3 \u0111\u01b0\u1ee3c l\u00e0m s\u1ea1ch, \u0111\u00f3ng khu\u00f4n th\u00e0nh h\u00ecnh v\u00e0 s\u1ea5y kh\u00f4 \u0111\u1ec3 t\u1ea1o th\u00e0nh m\u1ed9t t\u1ed5 y\u1ebfn tinh ch\u1ebf. Xu\u1ea5t x\u1ee9: T\u1ed5 y\u1ebfn [&#8230;]","protected":false},"featured_media":2002,"comment_status":"open","ping_status":"closed","template":"","meta":[],"product_brand":[],"product_cat":[137],"product_tag":[],"class_list":{"0":"post-1023","1":"product","2":"type-product","3":"status-publish","4":"has-post-thumbnail","6":"product_cat-yen-sao-nguyen-chat","8":"first","9":"instock","10":"featured","11":"shipping-taxable","12":"purchasable","13":"product-type-variable"},"_links":{"self":[{"href":"http:\/\/daicatquangyen.com\/en\/wp-json\/wp\/v2\/product\/1023","targetHints":{"allow":["GET"]}}],"collection":[{"href":"http:\/\/daicatquangyen.com\/en\/wp-json\/wp\/v2\/product"}],"about":[{"href":"http:\/\/daicatquangyen.com\/en\/wp-json\/wp\/v2\/types\/product"}],"replies":[{"embeddable":true,"href":"http:\/\/daicatquangyen.com\/en\/wp-json\/wp\/v2\/comments?post=1023"}],"wp:featuredmedia":[{"embeddable":true,"href":"http:\/\/daicatquangyen.com\/en\/wp-json\/wp\/v2\/media\/2002"}],"wp:attachment":[{"href":"http:\/\/daicatquangyen.com\/en\/wp-json\/wp\/v2\/media?parent=1023"}],"wp:term":[{"taxonomy":"product_brand","embeddable":true,"href":"http:\/\/daicatquangyen.com\/en\/wp-json\/wp\/v2\/product_brand?post=1023"},{"taxonomy":"product_cat","embeddable":true,"href":"http:\/\/daicatquangyen.com\/en\/wp-json\/wp\/v2\/product_cat?post=1023"},{"taxonomy":"product_tag","embeddable":true,"href":"http:\/\/daicatquangyen.com\/en\/wp-json\/wp\/v2\/product_tag?post=1023"}],"curies":[{"name":"wp","href":"https:\/\/api.w.org\/{rel}","templated":true}]}}