{"id":1615,"date":"2021-11-12T04:05:13","date_gmt":"2021-11-11T21:05:13","guid":{"rendered":"http:\/\/daicatquangyen.com\/?post_type=product&#038;p=1615"},"modified":"2026-04-06T10:49:44","modified_gmt":"2026-04-06T03:49:44","slug":"hop-qua-vip-30-50-100-yen-tinh-che-1-hu-tao-do-1-hu-duong-phen-dai-cat-quang-yen","status":"publish","type":"product","link":"http:\/\/daicatquangyen.com\/en\/product\/hop-qua-vip-30-50-100-yen-tinh-che-1-hu-tao-do-1-hu-duong-phen-dai-cat-quang-yen\/","title":{"rendered":"H\u1ed9p qu\u00e0 VIP &#8211; Y\u1ebfn tinh ch\u1ebf + 1 H\u0169 t\u00e1o \u0111\u1ecf + 1 H\u0169 \u0111\u01b0\u1eddng ph\u00e8n &#8211; \u0110\u1ea1i C\u00e1t Quang Y\u1ebfn"},"content":{"rendered":"<p>H\u1ed9p qu\u00e0 VIP bao g\u1ed3m:<\/p>\n<p>+ 15\/20\/30\/50\/80\/100gram y\u1ebfn tinh ch\u1ebf<\/p>\n<p>+ 1 h\u0169 \u0111\u01b0\u1eddng ph\u00e8n.<\/p>\n<p>+ 1 h\u0169 t\u00e1o \u0111\u1ecf<\/p>\n<p>+ 1 h\u1ed9p g\u1ed7 ho\u1eb7c 1 h\u1ed9p gi\u1ea5y<\/p>\n<p>+ 1 t\u00fai gi\u1ea5y \u0111\u1ed3ng b\u1ed9<\/p>\n<p>1. C\u00f4ng d\u1ee5ng:<\/p>\n<p>&#8211; Y\u1ebfn s\u00e0o: B\u1ed5 sung dinh d\u01b0\u1ee1ng, cung c\u1ea5p n\u0103ng l\u01b0\u1ee3ng cho c\u01a1 th\u1ec3.<\/p>\n<p>\u2013 \u0110\u01b0\u1eddng ph\u00e8n: Cung c\u1ea5p n\u0103ng l\u01b0\u1ee3ng v\u00e0 c\u00e1c vitamin, kho\u00e1ng ch\u1ea5t.<\/p>\n<p>\u2013 T\u00e1o \u0111\u1ecf: Gi\u00fap b\u1ed5 m\u00e1u, t\u0103ng h\u01b0\u01a1ng v\u1ecb cho m\u00f3n \u0103n<\/p>\n<p>2. H\u01b0\u1edbng d\u1eabn b\u1ea3o qu\u1ea3n:<\/p>\n<p>\u2013 B\u1ea3o qu\u1ea3n n\u01a1i kh\u00f4 m\u00e1t v\u00e0 tr\u00e1nh \u00e1nh n\u1eafng m\u1eb7t tr\u1eddi.<\/p>\n<p>&nbsp;<\/p>","protected":false},"excerpt":{"rendered":"<p>H\u1ed9p qu\u00e0 VIP bao g\u1ed3m: + 15\/20\/30\/50\/80\/100gram y\u1ebfn tinh ch\u1ebf + 1 h\u0169 \u0111\u01b0\u1eddng ph\u00e8n. + 1 h\u0169 t\u00e1o \u0111\u1ecf + 1 h\u1ed9p g\u1ed7 ho\u1eb7c 1 h\u1ed9p gi\u1ea5y + 1 t\u00fai gi\u1ea5y \u0111\u1ed3ng b\u1ed9 1. C\u00f4ng d\u1ee5ng: &#8211; Y\u1ebfn s\u00e0o: B\u1ed5 sung dinh d\u01b0\u1ee1ng, cung c\u1ea5p n\u0103ng l\u01b0\u1ee3ng cho c\u01a1 th\u1ec3. \u2013 \u0110\u01b0\u1eddng ph\u00e8n: Cung [&#8230;]","protected":false},"featured_media":2319,"comment_status":"open","ping_status":"closed","template":"","meta":[],"product_brand":[],"product_cat":[149],"product_tag":[],"class_list":{"0":"post-1615","1":"product","2":"type-product","3":"status-publish","4":"has-post-thumbnail","6":"product_cat-hop-qua","7":"pa_loai-hop-hop-giay","8":"pa_loai-hop-hop-go","10":"first","11":"instock","12":"shipping-taxable","13":"purchasable","14":"product-type-variable"},"_links":{"self":[{"href":"http:\/\/daicatquangyen.com\/en\/wp-json\/wp\/v2\/product\/1615","targetHints":{"allow":["GET"]}}],"collection":[{"href":"http:\/\/daicatquangyen.com\/en\/wp-json\/wp\/v2\/product"}],"about":[{"href":"http:\/\/daicatquangyen.com\/en\/wp-json\/wp\/v2\/types\/product"}],"replies":[{"embeddable":true,"href":"http:\/\/daicatquangyen.com\/en\/wp-json\/wp\/v2\/comments?post=1615"}],"wp:featuredmedia":[{"embeddable":true,"href":"http:\/\/daicatquangyen.com\/en\/wp-json\/wp\/v2\/media\/2319"}],"wp:attachment":[{"href":"http:\/\/daicatquangyen.com\/en\/wp-json\/wp\/v2\/media?parent=1615"}],"wp:term":[{"taxonomy":"product_brand","embeddable":true,"href":"http:\/\/daicatquangyen.com\/en\/wp-json\/wp\/v2\/product_brand?post=1615"},{"taxonomy":"product_cat","embeddable":true,"href":"http:\/\/daicatquangyen.com\/en\/wp-json\/wp\/v2\/product_cat?post=1615"},{"taxonomy":"product_tag","embeddable":true,"href":"http:\/\/daicatquangyen.com\/en\/wp-json\/wp\/v2\/product_tag?post=1615"}],"curies":[{"name":"wp","href":"https:\/\/api.w.org\/{rel}","templated":true}]}}