{"id":1659,"date":"2021-11-12T05:18:40","date_gmt":"2021-11-11T22:18:40","guid":{"rendered":"http:\/\/daicatquangyen.com\/?post_type=product&#038;p=1659"},"modified":"2026-04-06T11:03:19","modified_gmt":"2026-04-06T04:03:19","slug":"hop-qua-set-a-1-hu-sam-mat-1-hu-gung-mat-1-hu-mat-ong-dai-cat-quang-yen","status":"publish","type":"product","link":"http:\/\/daicatquangyen.com\/en\/product\/hop-qua-set-a-1-hu-sam-mat-1-hu-gung-mat-1-hu-mat-ong-dai-cat-quang-yen\/","title":{"rendered":"H\u1ed9p qu\u00e0 SET &#8211; 1 H\u0169 s\u00e2m m\u1eadt + 1 H\u0169 g\u1eebng m\u1eadt + 1 H\u0169 m\u1eadt ong &#8211; \u0110\u1ea1i C\u00e1t Quang Y\u1ebfn"},"content":{"rendered":"<p>H\u1ed9p Qu\u00e0 T\u1eb7ng S\u1ee9c Kh\u1ecfe : M\u1eadt Ong + G\u1eebng M\u1eadt + S\u00e2m M\u1eadt 300ml &#8211; \u0110\u1ea1i C\u00e1t Quang Y\u1ebfn<\/p>\n<p>==============================<\/p>\n<p>H\u1ed9p Qu\u00e0 SET3M:<\/p>\n<p>&#8211; 3 M\u1eadt Ong Nguy\u00ean Ch\u1ea5t 300ml.<\/p>\n<p>H\u1ed9p Qu\u00e0 SET3A:<\/p>\n<p>&#8211; 3 S\u00e2m H\u00e0n Qu\u1ed1c Ng\u00e2m M\u1eadt Ong 300ml.<\/p>\n<p>H\u1ed9p Qu\u00e0 SET3+:<\/p>\n<p>&#8211; 1 S\u00e2m H\u00e0n Qu\u1ed1c Ng\u00e2m M\u1eadt Ong 300ml + 1 G\u1eebng Ng\u00e2m M\u1eadt Ong 300ml + 1 M\u1eadt Ong Nguy\u00ean Ch\u1ea5t 300ml.<\/p>\n<p>K\u00edch th\u01b0\u1edbc h\u1ed9p qu\u00e0: D30x R30x C10 cm<\/p>\n<p>H\u1ed9p qu\u00e0 G\u1ed7 ho\u1eb7c H\u1ed9p qu\u00e0 Gi\u1ea5y<\/p>\n<p>T\u00fai gi\u1ea5y \u0111\u1ed3ng b\u1ed9<\/p>\n<p>===============================<\/p>\n<p>1. C\u00f4ng d\u1ee5ng:<\/p>\n<p>&#8211; S\u00e2m H\u00e0n Qu\u1ed1c Ng\u00e2m M\u1eadt Ong: Gi\u00fap b\u1ed3i b\u1ed5 c\u01a1 th\u1ec3, h\u1ed7 tr\u1ee3 ch\u0103m s\u00f3c l\u00e0n da v\u00e0 s\u1ee9c kh\u1ecfe h\u1eb1ng ng\u00e0y.<\/p>\n<p>&#8211; G\u1eebng Ng\u00e2m M\u1eadt Ong: H\u1ed7 tr\u1ee3 ch\u0103m s\u00f3c s\u1ee9c kh\u1ecfe h\u1eb1ng ng\u00e0y, gi\u00fap l\u00e0m \u1ea5m c\u01a1 th\u1ec3.<\/p>\n<p>&#8211; M\u1eadt Ong Nguy\u00ean Ch\u1ea5t: Th\u01b0\u1eddng \u0111\u01b0\u1ee3c d\u00f9ng \u0111\u1ec3 ch\u0103m s\u00f3c s\u1ee9c kh\u1ecfe h\u1eb1ng ng\u00e0y.<\/p>\n<p>2. Th\u00e0nh ph\u1ea7n:<\/p>\n<p>&#8211; S\u00e2m H\u00e0n Qu\u1ed1c Ng\u00e2m M\u1eadt Ong 300ml\/ 840kcal: M\u1eadt ong hoa c\u1ecf m\u1eadt nguy\u00ean ch\u1ea5t (78%), s\u00e2m t\u01b0\u01a1i H\u00e0n Qu\u1ed1c (22%).<\/p>\n<p>&#8211; G\u1eebng Ng\u00e2m M\u1eadt Ong 300ml\/ 839.5kcal: M\u1eadt ong hoa c\u1ecf m\u1eadt nguy\u00ean ch\u1ea5t (78%), g\u1eebng t\u01b0\u01a1i (22%).<\/p>\n<p>&#8211; M\u1eadt Ong Nguy\u00ean Ch\u1ea5t 300ml\/ 960kcal: M\u1eadt ong hoa c\u1ecf m\u1eadt nguy\u00ean ch\u1ea5t (100%).<\/p>\n<p>3. H\u01b0\u1edbng d\u1eabn b\u1ea3o qu\u1ea3n:<\/p>\n<p>&#8211; B\u1ea3o qu\u1ea3n n\u01a1i kh\u00f4 m\u00e1t v\u00e0 tr\u00e1nh \u00e1nh n\u1eafng m\u1eb7t tr\u1eddi.<\/p>\n<p>&#8211; S\u1eed d\u1ee5ng mu\u1ed7ng s\u1ea1ch \u0111\u1ec3 l\u1ea5y m\u1eadt, \u0111\u00f3ng k\u00edn n\u1eafp sau khi s\u1eed d\u1ee5ng xong.<\/p>","protected":false},"excerpt":{"rendered":"<p>H\u1ed9p Qu\u00e0 T\u1eb7ng S\u1ee9c Kh\u1ecfe : M\u1eadt Ong + G\u1eebng M\u1eadt + S\u00e2m M\u1eadt 300ml &#8211; \u0110\u1ea1i C\u00e1t Quang Y\u1ebfn ============================== H\u1ed9p Qu\u00e0 SET3M: &#8211; 3 M\u1eadt Ong Nguy\u00ean Ch\u1ea5t 300ml. H\u1ed9p Qu\u00e0 SET3A: &#8211; 3 S\u00e2m H\u00e0n Qu\u1ed1c Ng\u00e2m M\u1eadt Ong 300ml. H\u1ed9p Qu\u00e0 SET3+: &#8211; 1 S\u00e2m H\u00e0n Qu\u1ed1c Ng\u00e2m M\u1eadt Ong 300ml [&#8230;]","protected":false},"featured_media":2102,"comment_status":"open","ping_status":"closed","template":"","meta":[],"product_brand":[],"product_cat":[149],"product_tag":[],"class_list":{"0":"post-1659","1":"product","2":"type-product","3":"status-publish","4":"has-post-thumbnail","6":"product_cat-hop-qua","7":"pa_loai-hop-hop-giay","8":"pa_loai-hop-hop-go","10":"first","11":"instock","12":"shipping-taxable","13":"purchasable","14":"product-type-variable"},"_links":{"self":[{"href":"http:\/\/daicatquangyen.com\/en\/wp-json\/wp\/v2\/product\/1659","targetHints":{"allow":["GET"]}}],"collection":[{"href":"http:\/\/daicatquangyen.com\/en\/wp-json\/wp\/v2\/product"}],"about":[{"href":"http:\/\/daicatquangyen.com\/en\/wp-json\/wp\/v2\/types\/product"}],"replies":[{"embeddable":true,"href":"http:\/\/daicatquangyen.com\/en\/wp-json\/wp\/v2\/comments?post=1659"}],"wp:featuredmedia":[{"embeddable":true,"href":"http:\/\/daicatquangyen.com\/en\/wp-json\/wp\/v2\/media\/2102"}],"wp:attachment":[{"href":"http:\/\/daicatquangyen.com\/en\/wp-json\/wp\/v2\/media?parent=1659"}],"wp:term":[{"taxonomy":"product_brand","embeddable":true,"href":"http:\/\/daicatquangyen.com\/en\/wp-json\/wp\/v2\/product_brand?post=1659"},{"taxonomy":"product_cat","embeddable":true,"href":"http:\/\/daicatquangyen.com\/en\/wp-json\/wp\/v2\/product_cat?post=1659"},{"taxonomy":"product_tag","embeddable":true,"href":"http:\/\/daicatquangyen.com\/en\/wp-json\/wp\/v2\/product_tag?post=1659"}],"curies":[{"name":"wp","href":"https:\/\/api.w.org\/{rel}","templated":true}]}}