{"id":2004,"date":"2025-09-06T10:49:42","date_gmt":"2025-09-06T03:49:42","guid":{"rendered":"http:\/\/daicatquangyen.com\/?post_type=product&#038;p=2004"},"modified":"2026-04-06T09:38:39","modified_gmt":"2026-04-06T02:38:39","slug":"yen-sao-tinh-che-tron","status":"publish","type":"product","link":"http:\/\/daicatquangyen.com\/en\/product\/yen-sao-tinh-che-tron\/","title":{"rendered":"Y\u1ebfn tinh ch\u1ebf tr\u00f2n"},"content":{"rendered":"<p>Y\u1ebfn S\u00e0o Tinh Ch\u1ebf V\u1ee5n Tr\u00f2n 100gr (40 &#8211; 50 vi\u00ean)<\/p>\n<p>Khi mua 1 H\u1ed9p Y\u1ebfn S\u00e0o Tinh Ch\u1ebf V\u1ee5n Tr\u00f2n Qu\u00fd kh\u00e1ch s\u1ebd \u0111\u01b0\u1ee3c t\u1eb7ng k\u00e8m T\u00e1o \u0111\u1ecf + \u0110\u01b0\u1eddng Ph\u00e8n.<\/p>\n<p>==========================<\/p>\n<p>1. Xu\u1ea5t x\u1ee9: Y\u1ebfn Kh\u00e1nh H\u00f2a, Vi\u1ec7t Nam.<\/p>\n<p>2. C\u00e1ch ch\u1ebf bi\u1ebfn y\u1ebfn ch\u01b0ng:<\/p>\n<p>2.1. Y\u1ebfn:<\/p>\n<p>&#8211; B\u01b0\u1edbc 1: L\u1ea5y 1 mi\u1ebfng y\u1ebfn ng\u00e2m trong n\u01b0\u1edbc s\u1ea1ch kho\u1ea3ng 20-40 ph\u00fat cho y\u1ebfn m\u1ec1m, t\u01a1i ra, b\u00f3p nh\u1eb9 \u0111\u1ec3 y\u1ebfn t\u01a1i ra th\u00e0nh t\u1eebng s\u1ee3i nh\u1ecf. Kh\u00f4ng b\u00f3p n\u00e1t hay b\u00f3p m\u1ea1nh l\u00e0m n\u00e1t y\u1ebfn d\u1ec5 tan. Sau khi ng\u00e2m xong, l\u01b0\u1ee3c b\u1ecf n\u01b0\u1edbc ng\u00e2m y\u1ebfn, cho y\u1ebfn v\u00e0o r\u00e2y l\u01b0\u1ee3c d\u1eeba, l\u1ea5y mu\u1ed7ng \u00e9p nh\u1eb9 \u0111\u1ec3 y\u1ebfn r\u00e1o n\u01b0\u1edbc.<\/p>\n<p>&#8211; B\u01b0\u1edbc 2: Cho y\u1ebfn v\u00e0o t\u00f4, b\u1ecf v\u00e0o 01 &#8211; 1,5 ch\u00e9n n\u01b0\u1edbc. Ch\u01b0ng c\u00e1ch thu\u1ef7 v\u1edbi l\u1eeda nh\u1ecf 20-40 ph\u00fat.<\/p>\n<p>&#8211; B\u01b0\u1edbc 3: Khi th\u1ea5y y\u1ebfn n\u1edf to, trong veo v\u00e0 tr\u1ed3i h\u1ebft l\u00ean m\u1eb7t n\u01b0\u1edbc l\u00e0 ch\u00edn. N\u1ebfu y\u1ebfn v\u1eabn ch\u00ecm d\u01b0\u1edbi n\u01b0\u1edbc v\u00e0 ch\u01b0a trong, ch\u01b0a n\u1edf th\u00ec ti\u1ebfp t\u1ee5c ch\u01b0ng th\u00eam 10 ph\u00fat n\u1eefa cho ch\u00edn.<\/p>\n<p>2.2. \u0110\u01b0\u1eddng ph\u00e8n:<\/p>\n<p>&#8211; Gi\u00e3 nh\u1ecf. Khi y\u1ebfn ch\u01b0ng xong c\u00f2n n\u00f3ng b\u1ecf \u0111\u01b0\u1eddng ph\u00e8n v\u00e0o d\u00f9ng chung.<\/p>\n<p>2.3. T\u00e1o \u0111\u1ecf:<\/p>\n<p>&#8211; N\u1ea5u ri\u00eang v\u1edbi n\u01b0\u1edbc \u0111\u01b0\u1eddng t\u1ea7m 15-20 ph\u00fat cho m\u1ec1m, khi n\u00e0o \u0103n m\u1edbi b\u1ecf t\u00e1o v\u00e0o d\u00f9ng chung v\u1edbi y\u1ebfn. \u0110\u1eebng \u0111\u1ec3 t\u00e1o v\u00e0 y\u1ebfn chung r\u1ed3i \u0111\u1ec3 d\u00e0nh trong t\u1ee7 l\u1ea1nh qua ng\u00e0y, y\u1ebfn s\u1ebd d\u1ec5 b\u1ecb t\u00e1o l\u00e0m cho nhanh chua.<\/p>\n<p>3. H\u01b0\u1edbng d\u1eabn s\u1eed d\u1ee5ng:<\/p>\n<p>&#8211; Ch\u01b0ng v\u1edbi \u0111\u01b0\u1eddng ph\u00e8n.<\/p>\n<p>&#8211; Ch\u1ebf bi\u1ebfn th\u00e0nh c\u00e1c m\u00f3n \u0103n h\u1ee3p kh\u1ea9u v\u1ecb.<\/p>\n<p>&#8211; D\u00f9ng y\u1ebfn ch\u01b0ng t\u1ed1t nh\u1ea5t l\u00e0 khi b\u1ee5ng r\u1ed7ng, 30 ph\u00fat tr\u01b0\u1edbc khi \u0103n s\u00e1ng, bu\u1ed5i x\u1ebf chi\u1ec1u ho\u1eb7c tr\u01b0\u1edbc khi \u0111i ng\u1ee7 \u0111\u1ec3 c\u01a1 th\u1ec3 h\u1ea5p thu to\u00e0n b\u1ed9 dinh d\u01b0\u1ee1ng trong y\u1ebfn.<\/p>\n<p>4. \u0110\u1ed1i t\u01b0\u1ee3ng s\u1eed d\u1ee5ng:<\/p>\n<p>&#8211; Ng\u01b0\u1eddi c\u00f3 s\u1ee9c \u0111\u1ec1 kh\u00e1ng y\u1ebfu<\/p>\n<p>&#8211; Nh\u1eefng ng\u01b0\u1eddi lao \u0111\u1ed9ng tr\u00ed \u00f3c, th\u01b0\u1eddng xuy\u00ean l\u00e0m vi\u1ec7c c\u0103ng th\u1eb3ng, m\u1ec7t m\u1ecfi<\/p>\n<p>&#8211; Ph\u1ee5 n\u1eef mang thai sau 3 th\u00e1ng.<\/p>\n<p>&#8211; Ng\u01b0\u1eddi gi\u00e0 c\u1ea7n b\u1ed5 sung dinh d\u01b0\u1ee1ng.<\/p>\n<p>&#8211; Tr\u1ebb em t\u1eeb 1 tu\u1ed5i.<\/p>\n<p>&#8211; C\u00e1c v\u1eadn \u0111\u1ed9ng vi\u00ean c\u1ea7n t\u0103ng c\u01b0\u1eddng s\u1ee9c kh\u1ecfe, gi\u00fap c\u01a1 th\u1ec3 c\u01b0\u1eddng tr\u00e1ng.<\/p>\n<p>*L\u01b0u \u00fd:<\/p>\n<p>&#8211; Tr\u1ebb em t\u1eeb 1 tu\u1ed5i tr\u1edf l\u00ean: N\u00ean cho b\u00e9 th\u1eed ph\u1ea3n \u1ee9ng v\u1edbi s\u1ea3n ph\u1ea9m tr\u01b0\u1edbc khi d\u00f9ng. N\u00ean cho b\u00e9 d\u00f9ng sau b\u1eefa \u0103n ho\u1eb7c tr\u01b0\u1edbc khi \u0111i ng\u1ee7, d\u00f9ng \u0111\u1ec1u \u0111\u1eb7n c\u00e1ch ng\u00e0y. 1 tu\u1ea7n d\u00f9ng kho\u1ea3ng 0,5 &#8211; 1 tai y\u1ebfn.<\/p>\n<p>&#8211; Ng\u01b0\u1eddi gi\u00e0: 1 tu\u1ea7n d\u00f9ng 1-2 tai y\u1ebfn.<\/p>\n<p>&#8211; Ph\u1ee5 n\u1eef c\u00f3 thai sau 3 th\u00e1ng tu\u1ed5i: C\u00f3 th\u1ec3 d\u00f9ng y\u1ebfn \u0111\u1ec1u \u0111\u1eb7n m\u1ed7i ng\u00e0y ho\u1eb7c s\u1eed d\u1ee5ng c\u00e1ch ng\u00e0y. 1 tu\u1ea7n d\u00f9ng 1-2 tai y\u1ebfn.<\/p>\n<p>5. H\u01b0\u1edbng d\u1eabn b\u1ea3o qu\u1ea3n:<\/p>\n<p>&#8211; B\u1ea3o qu\u1ea3n y\u1ebfn n\u01a1i kh\u00f4 r\u00e1o v\u00e0 tr\u00e1nh \u00e1nh n\u1eafng m\u1eb7t tr\u1eddi.<\/p>\n<p>&#8211; Y\u1ebfn sau khi ch\u01b0ng xong b\u1ea3o qu\u1ea3n t\u1ee7 l\u1ea1nh, chia 2-3 l\u1ea7n d\u00f9ng h\u1ebft trong 1 tu\u1ea7n.<\/p>","protected":false},"excerpt":{"rendered":"<p>Y\u1ebfn S\u00e0o Tinh Ch\u1ebf V\u1ee5n Tr\u00f2n 100gr (40 &#8211; 50 vi\u00ean) Khi mua 1 H\u1ed9p Y\u1ebfn S\u00e0o Tinh Ch\u1ebf V\u1ee5n Tr\u00f2n Qu\u00fd kh\u00e1ch s\u1ebd \u0111\u01b0\u1ee3c t\u1eb7ng k\u00e8m T\u00e1o \u0111\u1ecf + \u0110\u01b0\u1eddng Ph\u00e8n. ========================== 1. Xu\u1ea5t x\u1ee9: Y\u1ebfn Kh\u00e1nh H\u00f2a, Vi\u1ec7t Nam. 2. C\u00e1ch ch\u1ebf bi\u1ebfn y\u1ebfn ch\u01b0ng: 2.1. Y\u1ebfn: &#8211; B\u01b0\u1edbc 1: L\u1ea5y 1 mi\u1ebfng [&#8230;]","protected":false},"featured_media":2005,"comment_status":"open","ping_status":"closed","template":"","meta":[],"product_brand":[],"product_cat":[137],"product_tag":[],"class_list":{"0":"post-2004","1":"product","2":"type-product","3":"status-publish","4":"has-post-thumbnail","6":"product_cat-yen-sao-nguyen-chat","8":"first","9":"instock","10":"shipping-taxable","11":"purchasable","12":"product-type-variable"},"_links":{"self":[{"href":"http:\/\/daicatquangyen.com\/en\/wp-json\/wp\/v2\/product\/2004","targetHints":{"allow":["GET"]}}],"collection":[{"href":"http:\/\/daicatquangyen.com\/en\/wp-json\/wp\/v2\/product"}],"about":[{"href":"http:\/\/daicatquangyen.com\/en\/wp-json\/wp\/v2\/types\/product"}],"replies":[{"embeddable":true,"href":"http:\/\/daicatquangyen.com\/en\/wp-json\/wp\/v2\/comments?post=2004"}],"wp:featuredmedia":[{"embeddable":true,"href":"http:\/\/daicatquangyen.com\/en\/wp-json\/wp\/v2\/media\/2005"}],"wp:attachment":[{"href":"http:\/\/daicatquangyen.com\/en\/wp-json\/wp\/v2\/media?parent=2004"}],"wp:term":[{"taxonomy":"product_brand","embeddable":true,"href":"http:\/\/daicatquangyen.com\/en\/wp-json\/wp\/v2\/product_brand?post=2004"},{"taxonomy":"product_cat","embeddable":true,"href":"http:\/\/daicatquangyen.com\/en\/wp-json\/wp\/v2\/product_cat?post=2004"},{"taxonomy":"product_tag","embeddable":true,"href":"http:\/\/daicatquangyen.com\/en\/wp-json\/wp\/v2\/product_tag?post=2004"}],"curies":[{"name":"wp","href":"https:\/\/api.w.org\/{rel}","templated":true}]}}