{"id":360,"date":"2017-11-26T11:52:36","date_gmt":"2017-11-26T11:52:36","guid":{"rendered":"http:\/\/localhost\/flatsome\/?page_id=360"},"modified":"2025-09-06T14:00:52","modified_gmt":"2025-09-06T07:00:52","slug":"gioi-thieu","status":"publish","type":"page","link":"https:\/\/daicatquangyen.com\/en\/gioi-thieu\/","title":{"rendered":"About us"},"content":{"rendered":"<div class=\"banner has-hover\" id=\"banner-1137135195\">\n          <div class=\"banner-inner fill\">\n        <div class=\"banner-bg fill\" >\n            <img loading=\"lazy\" decoding=\"async\" width=\"1020\" height=\"680\" src=\"https:\/\/daicatquangyen.com\/wp-content\/uploads\/2018\/09\/hinh-anh-noi-bat-1200x800.jpg\" class=\"bg attachment-large size-large\" alt=\"\" \/>                        <div class=\"overlay\"><\/div>            \n                    <\/div>\n\t\t\n        <div class=\"banner-layers container\">\n            <div class=\"fill banner-link\"><\/div>            \n\n\n        <\/div>\n      <\/div>\n\n            \n<style>\n#banner-1137135195 {\n  padding-top: 600px;\n}\n#banner-1137135195 .overlay {\n  background-color: rgba(0, 0, 0, 0.2);\n}\n<\/style>\n  <\/div>\n\n\n<div class=\"row align-middle align-center\"  id=\"row-1775137507\">\n\n\n\t<div id=\"col-1610720590\" class=\"col small-12 large-12\"  >\n\t\t\t\t<div class=\"col-inner\"  >\n\t\t\t\n\t\t\t\n\n<p style=\"color: #000;\"><strong>\u0110\u1ea1i C\u00e1t Quang Y\u1ebfn<\/strong> l\u00e0 nh\u00e3n hi\u1ec7u uy t\u00edn v\u1ec1 th\u1ef1c ph\u1ea9m b\u1ed5 d\u01b0\u1ee1ng v\u1edbi c\u00e1c s\u1ea3n ph\u1ea9m y\u1ebfn s\u00e0o, y\u1ebfn ch\u01b0ng t\u01b0\u01a1i nguy\u00ean ch\u1ea5t, s\u00e2m H\u00e0n Qu\u1ed1c ng\u00e2m m\u1eadt, ch\u00e8 nh\u1ef1a \u0111\u00e0o, m\u1eadt ong&#8230;. T\u1eeb nh\u1eefng ng\u00e0y \u0111\u1ea7u th\u00e0nh l\u1eadp v\u00e0o n\u0103m 2014,\u00a0ch\u00fang t\u00f4i lu\u00f4n n\u1ed7 l\u1ef1c h\u1ebft m\u00ecnh trong vi\u1ec7c ho\u00e0n thi\u1ec7n s\u1ea3n ph\u1ea9m \u0111\u1ec3 \u0111em \u0111\u1ebfn cho kh\u00e1ch h\u00e0ng nh\u1eefng tr\u1ea3i nghi\u1ec7m tuy\u1ec7t v\u1eddi nh\u1ea5t.<\/p>\n\n\t\t<\/div>\n\t\t\t\t\t<\/div>\n\n\t\n\n<\/div>","protected":false},"excerpt":{"rendered":"","protected":false},"author":1,"featured_media":0,"parent":0,"menu_order":0,"comment_status":"closed","ping_status":"closed","template":"page-blank.php","meta":{"footnotes":""},"yst_prominent_words":[],"class_list":["post-360","page","type-page","status-publish","hentry"],"_links":{"self":[{"href":"https:\/\/daicatquangyen.com\/en\/wp-json\/wp\/v2\/pages\/360","targetHints":{"allow":["GET"]}}],"collection":[{"href":"https:\/\/daicatquangyen.com\/en\/wp-json\/wp\/v2\/pages"}],"about":[{"href":"https:\/\/daicatquangyen.com\/en\/wp-json\/wp\/v2\/types\/page"}],"author":[{"embeddable":true,"href":"https:\/\/daicatquangyen.com\/en\/wp-json\/wp\/v2\/users\/1"}],"replies":[{"embeddable":true,"href":"https:\/\/daicatquangyen.com\/en\/wp-json\/wp\/v2\/comments?post=360"}],"version-history":[{"count":1,"href":"https:\/\/daicatquangyen.com\/en\/wp-json\/wp\/v2\/pages\/360\/revisions"}],"predecessor-version":[{"id":2017,"href":"https:\/\/daicatquangyen.com\/en\/wp-json\/wp\/v2\/pages\/360\/revisions\/2017"}],"wp:attachment":[{"href":"https:\/\/daicatquangyen.com\/en\/wp-json\/wp\/v2\/media?parent=360"}],"wp:term":[{"taxonomy":"yst_prominent_words","embeddable":true,"href":"https:\/\/daicatquangyen.com\/en\/wp-json\/wp\/v2\/yst_prominent_words?post=360"}],"curies":[{"name":"wp","href":"https:\/\/api.w.org\/{rel}","templated":true}]}}