{"id":1019,"date":"2018-07-14T07:41:37","date_gmt":"2018-07-14T00:41:37","guid":{"rendered":"http:\/\/daicatquangyen.com\/?post_type=product&#038;p=1019"},"modified":"2026-04-06T09:49:49","modified_gmt":"2026-04-06T02:49:49","slug":"sam-han-quoc-ngam-mat-ong","status":"publish","type":"product","link":"https:\/\/daicatquangyen.com\/en\/product\/sam-han-quoc-ngam-mat-ong\/","title":{"rendered":"Ginseng Soaked in Honey"},"content":{"rendered":"<p>S\u00e2m H\u00e0n Qu\u1ed1c ng\u00e2m m\u1eadt ong 300ml\/500ml<\/p>\n<p>1. C\u00f4ng d\u1ee5ng:<\/p>\n<p>&#8211; Gi\u00fap b\u1ed3i b\u1ed5 c\u01a1 th\u1ec3, h\u1ed7 tr\u1ee3 ch\u0103m s\u00f3c l\u00e0n da v\u00e0 s\u1ee9c kh\u1ecfe h\u1eb1ng ng\u00e0y.<\/p>\n<p>2. B\u1ea3o qu\u1ea3n:<\/p>\n<p>&#8211; N\u01a1i kh\u00f4 r\u00e1o, kh\u00f4ng b\u1ecf t\u1ee7 l\u1ea1nh v\u00e0 tr\u00e1nh \u00e1nh n\u1eafng m\u1eb7t tr\u1eddi.<\/p>\n<p>&#8211; D\u00f9ng trong v\u00f2ng 1 n\u0103m k\u1ec3 t\u1eeb ng\u00e0y s\u1ea3n xu\u1ea5t.<\/p>\n<p>3. Th\u00e0nh ph\u1ea7n:<\/p>\n<p>&#8211; M\u1eadt ong nguy\u00ean ch\u1ea5t (78%), s\u00e2m t\u01b0\u01a1i H\u00e0n Qu\u1ed1c (22%).<\/p>\n<p>4. C\u00e1ch d\u00f9ng:<\/p>\n<p>&#8211; M\u1ed7i ng\u00e0y d\u00f9ng 1-2 l\u00e1t s\u00e2m v\u00e0 m\u1ed9t mu\u1ed7ng m\u1eadt ong. C\u00f3 th\u1ec3 d\u00f9ng tr\u1ef1c ti\u1ebfp ho\u1eb7c pha v\u00f3i n\u01b0\u1edbc \u1ea5m.<\/p>\n<p>5. \u0110\u1ed1i t\u01b0\u1ee3ng kh\u00f4ng n\u00ean s\u1eed d\u1ee5ng:<\/p>\n<p>&#8211; Ng\u01b0\u1eddi b\u1ecb cao huy\u1ebft \u00e1p<\/p>\n<p>&#8211; Ph\u1ee5 n\u1eef mang thai<\/p>\n<p>&#8211; Tr\u1ebb em d\u01b0\u1edbi 15 tu\u1ed5i<\/p>\n<p>&#8211; Ng\u01b0\u1eddi m\u1edbi ph\u1eabu thu\u1eadt c\u00f3 v\u1ebft th\u01b0\u01a1ng<\/p>\n<p>&#8211; Ng\u01b0\u1eddi \u0111ang b\u1ecb r\u1ed1i lo\u1ea1n ti\u00eau h\u00f3a<\/p>\n<p><strong>L\u01b0u \u00fd: Kh\u00f4ng d\u00f9ng s\u00e2m chung v\u1edbi tr\u00e0 v\u00e0 c\u1ee7 c\u1ea3i<\/strong><\/p>","protected":false},"excerpt":{"rendered":"<p>S\u00e2m H\u00e0n Qu\u1ed1c ng\u00e2m m\u1eadt ong 300ml\/500ml 1. C\u00f4ng d\u1ee5ng: &#8211; Gi\u00fap b\u1ed3i b\u1ed5 c\u01a1 th\u1ec3, h\u1ed7 tr\u1ee3 ch\u0103m s\u00f3c l\u00e0n da v\u00e0 s\u1ee9c kh\u1ecfe h\u1eb1ng ng\u00e0y. 2. B\u1ea3o qu\u1ea3n: &#8211; N\u01a1i kh\u00f4 r\u00e1o, kh\u00f4ng b\u1ecf t\u1ee7 l\u1ea1nh v\u00e0 tr\u00e1nh \u00e1nh n\u1eafng m\u1eb7t tr\u1eddi. &#8211; D\u00f9ng trong v\u00f2ng 1 n\u0103m k\u1ec3 t\u1eeb ng\u00e0y s\u1ea3n xu\u1ea5t. [&#8230;]","protected":false},"featured_media":2027,"comment_status":"open","ping_status":"closed","template":"","meta":[],"product_brand":[],"product_cat":[139],"product_tag":[],"class_list":{"0":"post-1019","1":"product","2":"type-product","3":"status-publish","4":"has-post-thumbnail","6":"product_cat-san-pham-mat-ong","8":"first","9":"instock","10":"shipping-taxable","11":"purchasable","12":"product-type-variable"},"_links":{"self":[{"href":"https:\/\/daicatquangyen.com\/en\/wp-json\/wp\/v2\/product\/1019","targetHints":{"allow":["GET"]}}],"collection":[{"href":"https:\/\/daicatquangyen.com\/en\/wp-json\/wp\/v2\/product"}],"about":[{"href":"https:\/\/daicatquangyen.com\/en\/wp-json\/wp\/v2\/types\/product"}],"replies":[{"embeddable":true,"href":"https:\/\/daicatquangyen.com\/en\/wp-json\/wp\/v2\/comments?post=1019"}],"wp:featuredmedia":[{"embeddable":true,"href":"https:\/\/daicatquangyen.com\/en\/wp-json\/wp\/v2\/media\/2027"}],"wp:attachment":[{"href":"https:\/\/daicatquangyen.com\/en\/wp-json\/wp\/v2\/media?parent=1019"}],"wp:term":[{"taxonomy":"product_brand","embeddable":true,"href":"https:\/\/daicatquangyen.com\/en\/wp-json\/wp\/v2\/product_brand?post=1019"},{"taxonomy":"product_cat","embeddable":true,"href":"https:\/\/daicatquangyen.com\/en\/wp-json\/wp\/v2\/product_cat?post=1019"},{"taxonomy":"product_tag","embeddable":true,"href":"https:\/\/daicatquangyen.com\/en\/wp-json\/wp\/v2\/product_tag?post=1019"}],"curies":[{"name":"wp","href":"https:\/\/api.w.org\/{rel}","templated":true}]}}