{"id":1632,"date":"2021-11-12T05:02:43","date_gmt":"2021-11-11T22:02:43","guid":{"rendered":"http:\/\/daicatquangyen.com\/?post_type=product&#038;p=1632"},"modified":"2026-04-06T10:59:40","modified_gmt":"2026-04-06T03:59:40","slug":"hop-qua-pre-30-50-100-yen-tinh-che-1-hu-sam-mat-1-hu-tao-kho-dai-cat-quang-yen","status":"publish","type":"product","link":"https:\/\/daicatquangyen.com\/en\/product\/hop-qua-pre-30-50-100-yen-tinh-che-1-hu-sam-mat-1-hu-tao-kho-dai-cat-quang-yen\/","title":{"rendered":"H\u1ed9p qu\u00e0 PRE &#8211; Y\u1ebfn tinh ch\u1ebf + 1 H\u0169 s\u00e2m m\u1eadt + 1 H\u0169 t\u00e1o \u0111\u1ecf &#8211; \u0110\u1ea1i C\u00e1t Quang Y\u1ebfn"},"content":{"rendered":"<p><span style=\"font-size: 115%;\">H\u1ed9p qu\u00e0 PRE bao g\u1ed3m:<\/span><\/p>\n<p><span style=\"font-size: 115%;\">+ 15\/20\/30\/50\/80\/100gram y\u1ebfn tinh ch\u1ebf<\/span><\/p>\n<p><span style=\"font-size: 115%;\">+ 1 h\u0169 s\u00e2m h\u00e0n qu\u1ed1c ng\u00e2m m\u1eadt ong<\/span><\/p>\n<p><span style=\"font-size: 115%;\">+ 1 h\u0169 t\u00e1o \u0111\u1ecf<\/span><\/p>\n<p><span style=\"font-size: 115%;\">+ 1 h\u1ed9p g\u1ed7 ho\u1eb7c 1 h\u1ed9p gi\u1ea5y<\/span><\/p>\n<p><span style=\"font-size: 115%;\">+ 1 t\u00fai gi\u1ea5y \u0111\u1ed3ng b\u1ed9<\/span><\/p>\n<p><span style=\"font-size: 115%;\">1. C\u00f4ng d\u1ee5ng:<\/span><\/p>\n<p><span style=\"font-size: 115%;\">-Y\u1ebfn s\u00e0o: B\u1ed5 sung dinh d\u01b0\u1ee1ng, cung c\u1ea5p n\u0103ng l\u01b0\u1ee3ng cho c\u01a1 th\u1ec3.<\/span><\/p>\n<p><span style=\"font-size: 115%;\">&#8211; S\u00e2m H\u00e0n Qu\u1ed1c Ng\u00e2m M\u1eadt Ong: Gi\u00fap b\u1ed3i b\u1ed5 c\u01a1 th\u1ec3, h\u1ed7 tr\u1ee3 ch\u0103m s\u00f3c l\u00e0n da v\u00e0 s\u1ee9c kh\u1ecfe h\u1eb1ng ng\u00e0y.<\/span><\/p>\n<p><span style=\"font-size: 115%;\">&#8211; T\u00e1o \u0111\u1ecf: Gi\u00fap b\u1ed5 m\u00e1u, t\u0103ng h\u01b0\u01a1ng v\u1ecb cho m\u00f3n \u0103n<\/span><\/p>\n<p><span style=\"font-size: 115%;\">2. H\u01b0\u1edbng d\u1eabn b\u1ea3o qu\u1ea3n:<\/span><\/p>\n<p><span style=\"font-size: 115%;\">&#8211; B\u1ea3o qu\u1ea3n n\u01a1i kh\u00f4 m\u00e1t v\u00e0 tr\u00e1nh \u00e1nh n\u1eafng m\u1eb7t tr\u1eddi.<\/span><\/p>\n<p><span style=\"font-size: 115%;\">&#8211; S\u1eed d\u1ee5ng mu\u1ed7ng s\u1ea1ch \u0111\u1ec3 l\u1ea5y m\u1eadt, \u0111\u00f3ng k\u00edn n\u1eafp sau khi s\u1eed d\u1ee5ng xong.<\/span><\/p>","protected":false},"excerpt":{"rendered":"<p>H\u1ed9p qu\u00e0 PRE bao g\u1ed3m: + 15\/20\/30\/50\/80\/100gram y\u1ebfn tinh ch\u1ebf + 1 h\u0169 s\u00e2m h\u00e0n qu\u1ed1c ng\u00e2m m\u1eadt ong + 1 h\u0169 t\u00e1o \u0111\u1ecf + 1 h\u1ed9p g\u1ed7 ho\u1eb7c 1 h\u1ed9p gi\u1ea5y + 1 t\u00fai gi\u1ea5y \u0111\u1ed3ng b\u1ed9 1. C\u00f4ng d\u1ee5ng: -Y\u1ebfn s\u00e0o: B\u1ed5 sung dinh d\u01b0\u1ee1ng, cung c\u1ea5p n\u0103ng l\u01b0\u1ee3ng cho c\u01a1 th\u1ec3. &#8211; [&#8230;]","protected":false},"featured_media":2088,"comment_status":"open","ping_status":"closed","template":"","meta":[],"product_brand":[],"product_cat":[149],"product_tag":[],"class_list":{"0":"post-1632","1":"product","2":"type-product","3":"status-publish","4":"has-post-thumbnail","6":"product_cat-hop-qua","7":"pa_loai-hop-hop-giay","8":"pa_loai-hop-hop-go","10":"first","11":"instock","12":"shipping-taxable","13":"purchasable","14":"product-type-variable"},"_links":{"self":[{"href":"https:\/\/daicatquangyen.com\/en\/wp-json\/wp\/v2\/product\/1632","targetHints":{"allow":["GET"]}}],"collection":[{"href":"https:\/\/daicatquangyen.com\/en\/wp-json\/wp\/v2\/product"}],"about":[{"href":"https:\/\/daicatquangyen.com\/en\/wp-json\/wp\/v2\/types\/product"}],"replies":[{"embeddable":true,"href":"https:\/\/daicatquangyen.com\/en\/wp-json\/wp\/v2\/comments?post=1632"}],"wp:featuredmedia":[{"embeddable":true,"href":"https:\/\/daicatquangyen.com\/en\/wp-json\/wp\/v2\/media\/2088"}],"wp:attachment":[{"href":"https:\/\/daicatquangyen.com\/en\/wp-json\/wp\/v2\/media?parent=1632"}],"wp:term":[{"taxonomy":"product_brand","embeddable":true,"href":"https:\/\/daicatquangyen.com\/en\/wp-json\/wp\/v2\/product_brand?post=1632"},{"taxonomy":"product_cat","embeddable":true,"href":"https:\/\/daicatquangyen.com\/en\/wp-json\/wp\/v2\/product_cat?post=1632"},{"taxonomy":"product_tag","embeddable":true,"href":"https:\/\/daicatquangyen.com\/en\/wp-json\/wp\/v2\/product_tag?post=1632"}],"curies":[{"name":"wp","href":"https:\/\/api.w.org\/{rel}","templated":true}]}}