{"id":1694,"date":"2022-03-21T22:42:53","date_gmt":"2022-03-21T15:42:53","guid":{"rendered":"http:\/\/daicatquangyen.com\/?post_type=product&#038;p=1694"},"modified":"2026-04-01T13:19:12","modified_gmt":"2026-04-01T06:19:12","slug":"hop-qua-lux-30-50-100-yen-tinh-che-1-hu-gung-mat-1-hu-tao-kho-dai-cat-quang-yen-sao-chep","status":"publish","type":"product","link":"https:\/\/daicatquangyen.com\/en\/product\/hop-qua-lux-30-50-100-yen-tinh-che-1-hu-gung-mat-1-hu-tao-kho-dai-cat-quang-yen-sao-chep\/","title":{"rendered":"H\u1ed9p qu\u00e0 LUX &#8211; Y\u1ebfn tinh ch\u1ebf + 1 H\u0169 g\u1eebng m\u1eadt + 1 H\u0169 t\u00e1o kh\u00f4 &#8211; \u0110\u1ea1i C\u00e1t Quang Y\u1ebfn"},"content":{"rendered":"<p>H\u1ed9p qu\u00e0 LUX bao g\u1ed3m:<\/p>\n<p>+ 15\/20\/30\/50\/80\/100gram y\u1ebfn tinh ch\u1ebf<\/p>\n<p>+ 1 h\u0169 g\u1eebng ng\u00e2m m\u1eadt ong<\/p>\n<p>+ 1 h\u0169 t\u00e1o \u0111\u1ecf<\/p>\n<p>+ 1 h\u1ed9p g\u1ed7 ho\u1eb7c 1 h\u1ed9p gi\u1ea5y<\/p>\n<p>+ 1 t\u00fai gi\u1ea5y \u0111\u1ed3ng b\u1ed9<\/p>\n<p>1. C\u00f4ng d\u1ee5ng:<\/p>\n<p>-Y\u1ebfn s\u00e0o: B\u1ed5 sung dinh d\u01b0\u1ee1ng, cung c\u1ea5p n\u0103ng l\u01b0\u1ee3ng cho c\u01a1 th\u1ec3.<\/p>\n<p>\u2013 G\u1eebng ng\u00e2m m\u1eadt ong: Gi\u00fap l\u00e0m d\u1ecbu c\u1ed5 h\u1ecdng, b\u1ea3o v\u1ec7 s\u1ee9c kho\u1ebb.<\/p>\n<p>\u2013 T\u00e1o \u0111\u1ecf: Gi\u00fap b\u1ed5 m\u00e1u, t\u0103ng h\u01b0\u01a1ng v\u1ecb cho m\u00f3n \u0103n<\/p>\n<p>2. H\u01b0\u1edbng d\u1eabn b\u1ea3o qu\u1ea3n:<\/p>\n<p>\u2013 B\u1ea3o qu\u1ea3n n\u01a1i kh\u00f4 m\u00e1t v\u00e0 tr\u00e1nh \u00e1nh n\u1eafng m\u1eb7t tr\u1eddi.<\/p>\n<p>\u2013 S\u1eed d\u1ee5ng mu\u1ed7ng s\u1ea1ch \u0111\u1ec3 l\u1ea5y m\u1eadt, \u0111\u00f3ng k\u00edn n\u1eafp sau khi s\u1eed d\u1ee5ng xong.<\/p>\n<p>&nbsp;<\/p>","protected":false},"excerpt":{"rendered":"<p>H\u1ed9p qu\u00e0 LUX bao g\u1ed3m: + 15\/20\/30\/50\/80\/100gram y\u1ebfn tinh ch\u1ebf + 1 h\u0169 g\u1eebng ng\u00e2m m\u1eadt ong + 1 h\u0169 t\u00e1o \u0111\u1ecf + 1 h\u1ed9p g\u1ed7 ho\u1eb7c 1 h\u1ed9p gi\u1ea5y + 1 t\u00fai gi\u1ea5y \u0111\u1ed3ng b\u1ed9 1. C\u00f4ng d\u1ee5ng: -Y\u1ebfn s\u00e0o: B\u1ed5 sung dinh d\u01b0\u1ee1ng, cung c\u1ea5p n\u0103ng l\u01b0\u1ee3ng cho c\u01a1 th\u1ec3. \u2013 G\u1eebng ng\u00e2m [&#8230;]","protected":false},"featured_media":2321,"comment_status":"open","ping_status":"closed","template":"","meta":[],"product_brand":[],"product_cat":[149],"product_tag":[],"class_list":{"0":"post-1694","1":"product","2":"type-product","3":"status-publish","4":"has-post-thumbnail","6":"product_cat-hop-qua","7":"pa_loai-hop-hop-giay","8":"pa_loai-hop-hop-go","10":"first","11":"instock","12":"shipping-taxable","13":"purchasable","14":"product-type-variable"},"_links":{"self":[{"href":"https:\/\/daicatquangyen.com\/en\/wp-json\/wp\/v2\/product\/1694","targetHints":{"allow":["GET"]}}],"collection":[{"href":"https:\/\/daicatquangyen.com\/en\/wp-json\/wp\/v2\/product"}],"about":[{"href":"https:\/\/daicatquangyen.com\/en\/wp-json\/wp\/v2\/types\/product"}],"replies":[{"embeddable":true,"href":"https:\/\/daicatquangyen.com\/en\/wp-json\/wp\/v2\/comments?post=1694"}],"wp:featuredmedia":[{"embeddable":true,"href":"https:\/\/daicatquangyen.com\/en\/wp-json\/wp\/v2\/media\/2321"}],"wp:attachment":[{"href":"https:\/\/daicatquangyen.com\/en\/wp-json\/wp\/v2\/media?parent=1694"}],"wp:term":[{"taxonomy":"product_brand","embeddable":true,"href":"https:\/\/daicatquangyen.com\/en\/wp-json\/wp\/v2\/product_brand?post=1694"},{"taxonomy":"product_cat","embeddable":true,"href":"https:\/\/daicatquangyen.com\/en\/wp-json\/wp\/v2\/product_cat?post=1694"},{"taxonomy":"product_tag","embeddable":true,"href":"https:\/\/daicatquangyen.com\/en\/wp-json\/wp\/v2\/product_tag?post=1694"}],"curies":[{"name":"wp","href":"https:\/\/api.w.org\/{rel}","templated":true}]}}