{"id":1898,"date":"2023-07-18T10:52:55","date_gmt":"2023-07-18T03:52:55","guid":{"rendered":"http:\/\/daicatquangyen.com\/?post_type=product&#038;p=1898"},"modified":"2026-04-01T11:12:16","modified_gmt":"2026-04-01T04:12:16","slug":"buoi-ngam-mat-ong-300ml","status":"publish","type":"product","link":"https:\/\/daicatquangyen.com\/en\/product\/buoi-ngam-mat-ong-300ml\/","title":{"rendered":"B\u01b0\u1edfi Ng\u00e2m M\u1eadt Ong 300ML"},"content":{"rendered":"<div class=\"xdj266r x11i5rnm xat24cr x1mh8g0r x1vvkbs x126k92a\">\n<div dir=\"auto\"><span style=\"font-size: 110%; color: #282828;\"><strong>B\u01af\u1edeI M\u1eacT ONG<\/strong><\/span><\/div>\n<\/div>\n<div class=\"x11i5rnm xat24cr x1mh8g0r x1vvkbs xtlvy1s x126k92a\">\n<div dir=\"auto\"><span style=\"font-size: 110%; color: #282828;\">B\u01b0\u1edfi ng\u00e2m m\u1eadt ong l\u00e0 m\u1ed9t ph\u01b0\u01a1ng thu\u1ed1c \u0110\u00f4ng y l\u00e2u \u0111\u1eddi:<\/span><\/div>\n<div dir=\"auto\"><\/div>\n<\/div>\n<div class=\"x11i5rnm xat24cr x1mh8g0r x1vvkbs xtlvy1s x126k92a\">\n<div dir=\"auto\"><span style=\"font-size: 110%; color: #282828;\"><span class=\"x3nfvp2 x1j61x8r x1fcty0u xdj266r xhhsvwb xat24cr xgzva0m xxymvpz xlup9mm x1kky2od\"><img loading=\"lazy\" decoding=\"async\" src=\"https:\/\/static.xx.fbcdn.net\/images\/emoji.php\/v9\/t95\/2\/16\/2618.png\" alt=\"\u2618\ufe0f\" width=\"16\" height=\"16\" \/><\/span> C\u00f4ng d\u1ee5ng:<\/span><\/div>\n<div dir=\"auto\"><span style=\"color: #282828; font-size: 110%;\">&#8211; Gi\u00fap b\u1ea3o v\u1ec7 c\u1ed5 h\u1ecdng, ch\u0103m s\u00f3c s\u1ee9c kho\u1ebb h\u1eb1ng ng\u00e0y.\u00a0<\/span><\/div>\n<div dir=\"auto\"><\/div>\n<\/div>\n<div class=\"x11i5rnm xat24cr x1mh8g0r x1vvkbs xtlvy1s x126k92a\">\n<div dir=\"auto\"><span style=\"font-size: 110%; color: #282828;\"><span class=\"x3nfvp2 x1j61x8r x1fcty0u xdj266r xhhsvwb xat24cr xgzva0m xxymvpz xlup9mm x1kky2od\"><img loading=\"lazy\" decoding=\"async\" src=\"https:\/\/static.xx.fbcdn.net\/images\/emoji.php\/v9\/t95\/2\/16\/2618.png\" alt=\"\u2618\ufe0f\" width=\"16\" height=\"16\" \/><\/span> Th\u00e0nh ph\u1ea7n:\u00a0<\/span><\/div>\n<div dir=\"auto\">\n<p style=\"font-weight: 400;\"><span style=\"font-size: 110%; color: #282828;\">&#8211; M\u1eadt ong nguy\u00ean ch\u1ea5t (88%); h\u1ed7n h\u1ee3p m\u1ee9t v\u1ecf b\u01b0\u1edfi, ru\u1ed9t b\u01b0\u1edfi, d\u1ee9a, \u0111\u01b0\u1eddng ph\u00e8n s\u00ean th\u1ee7 c\u00f4ng (12%)\u00a0<\/span><\/p>\n<\/div>\n<div dir=\"auto\"><\/div>\n<\/div>\n<div class=\"x11i5rnm xat24cr x1mh8g0r x1vvkbs xtlvy1s x126k92a\">\n<div dir=\"auto\"><span style=\"font-size: 110%; color: #282828;\"><span class=\"x3nfvp2 x1j61x8r x1fcty0u xdj266r xhhsvwb xat24cr xgzva0m xxymvpz xlup9mm x1kky2od\"><img loading=\"lazy\" decoding=\"async\" src=\"https:\/\/static.xx.fbcdn.net\/images\/emoji.php\/v9\/t95\/2\/16\/2618.png\" alt=\"\u2618\ufe0f\" width=\"16\" height=\"16\" \/><\/span> C\u00e1ch d\u00f9ng: <\/span><\/div>\n<div dir=\"auto\"><span style=\"font-size: 110%; color: #282828;\">&#8211; M\u1ed7i ng\u00e0y d\u00f9ng 1 mu\u1ed7ng. D\u00f9ng tr\u1ef1c ti\u1ebfp ho\u1eb7c pha v\u1edbi n\u01b0\u1edbc n\u00f3ng u\u1ed1ng nh\u01b0 tr\u00e0.<\/span><\/div>\n<div dir=\"auto\"><span style=\"font-size: 110%; color: #282828;\">Th\u1eddi gian d\u00f9ng t\u1ed1t nh\u1ea5t v\u00e0o bu\u1ed5i s\u00e1ng.<\/span><\/div>\n<\/div>\n<div dir=\"auto\"><\/div>\n<div dir=\"auto\"><span class=\"x3nfvp2 x1j61x8r x1fcty0u xdj266r xhhsvwb xat24cr xgzva0m xxymvpz xlup9mm x1kky2od\" style=\"font-size: 110%; color: #282828;\"><img loading=\"lazy\" decoding=\"async\" src=\"https:\/\/static.xx.fbcdn.net\/images\/emoji.php\/v9\/t95\/2\/16\/2618.png\" alt=\"\u2618\ufe0f\" width=\"16\" height=\"16\" \/> B\u1ea3o qu\u1ea3n:<\/span><\/div>\n<div dir=\"auto\">\n<p style=\"font-weight: 400;\"><span style=\"font-size: 110%; color: #282828;\">&#8211; N\u01a1i kh\u00f4 r\u00e1o, tr\u00e1nh \u00e1nh n\u1eafng m\u1eb7t tr\u1eddi<\/span><\/p>\n<p style=\"font-weight: 400;\"><span style=\"font-size: 110%; color: #282828;\">&#8211; D\u00f9ng trong v\u00f2ng 1 n\u0103m k\u1ec3 t\u1eeb ng\u00e0y s\u1ea3n xu\u1ea5t<\/span><\/p>\n<\/div>\n<div class=\"x11i5rnm xat24cr x1mh8g0r x1vvkbs xtlvy1s x126k92a\">\n<div dir=\"auto\"><\/div>\n<\/div>\n<p><span style=\"font-size: 110%;\"><img loading=\"lazy\" decoding=\"async\" class=\"alignnone wp-image-1983 size-medium\" src=\"http:\/\/daicatquangyen.com\/wp-content\/uploads\/2023\/07\/DSC01075-1-300x400.jpg\" alt=\"\" width=\"300\" height=\"400\" srcset=\"https:\/\/daicatquangyen.com\/wp-content\/uploads\/2023\/07\/DSC01075-1-300x400.jpg 300w, https:\/\/daicatquangyen.com\/wp-content\/uploads\/2023\/07\/DSC01075-1-600x800.jpg 600w, https:\/\/daicatquangyen.com\/wp-content\/uploads\/2023\/07\/DSC01075-1-768x1024.jpg 768w, https:\/\/daicatquangyen.com\/wp-content\/uploads\/2023\/07\/DSC01075-1.jpg 900w\" sizes=\"auto, (max-width: 300px) 100vw, 300px\" \/><\/span><\/p>\n<p><span style=\"font-size: 110%;\"><img loading=\"lazy\" decoding=\"async\" class=\"alignnone size-medium wp-image-1900\" src=\"http:\/\/daicatquangyen.com\/wp-content\/uploads\/2023\/07\/DSC_3016-400x400.jpg\" alt=\"\" width=\"400\" height=\"400\" srcset=\"https:\/\/daicatquangyen.com\/wp-content\/uploads\/2023\/07\/DSC_3016-400x400.jpg 400w, https:\/\/daicatquangyen.com\/wp-content\/uploads\/2023\/07\/DSC_3016-800x800.jpg 800w, https:\/\/daicatquangyen.com\/wp-content\/uploads\/2023\/07\/DSC_3016-280x280.jpg 280w, https:\/\/daicatquangyen.com\/wp-content\/uploads\/2023\/07\/DSC_3016-768x768.jpg 768w, https:\/\/daicatquangyen.com\/wp-content\/uploads\/2023\/07\/DSC_3016-300x300.jpg 300w, https:\/\/daicatquangyen.com\/wp-content\/uploads\/2023\/07\/DSC_3016-600x600.jpg 600w, https:\/\/daicatquangyen.com\/wp-content\/uploads\/2023\/07\/DSC_3016-100x100.jpg 100w, https:\/\/daicatquangyen.com\/wp-content\/uploads\/2023\/07\/DSC_3016.jpg 1200w\" sizes=\"auto, (max-width: 400px) 100vw, 400px\" \/><\/span><\/p>\n<p>&nbsp;<\/p>","protected":false},"excerpt":{"rendered":"<p>B\u01af\u1edeI M\u1eacT ONG B\u01b0\u1edfi ng\u00e2m m\u1eadt ong l\u00e0 m\u1ed9t ph\u01b0\u01a1ng thu\u1ed1c \u0110\u00f4ng y l\u00e2u \u0111\u1eddi: C\u00f4ng d\u1ee5ng: &#8211; Gi\u00fap b\u1ea3o v\u1ec7 c\u1ed5 h\u1ecdng, ch\u0103m s\u00f3c s\u1ee9c kho\u1ebb h\u1eb1ng ng\u00e0y.\u00a0 Th\u00e0nh ph\u1ea7n:\u00a0 &#8211; M\u1eadt ong nguy\u00ean ch\u1ea5t (88%); h\u1ed7n h\u1ee3p m\u1ee9t v\u1ecf b\u01b0\u1edfi, ru\u1ed9t b\u01b0\u1edfi, d\u1ee9a, \u0111\u01b0\u1eddng ph\u00e8n s\u00ean th\u1ee7 c\u00f4ng (12%)\u00a0 C\u00e1ch d\u00f9ng: &#8211; M\u1ed7i [&#8230;]","protected":false},"featured_media":1981,"comment_status":"open","ping_status":"closed","template":"","meta":[],"product_brand":[],"product_cat":[139],"product_tag":[167,168,169],"class_list":{"0":"post-1898","1":"product","2":"type-product","3":"status-publish","4":"has-post-thumbnail","6":"product_cat-san-pham-mat-ong","7":"product_tag-buoi-mat-ong","8":"product_tag-buoi-ngam-mat","9":"product_tag-suc-khoe","11":"first","12":"instock","13":"shipping-taxable","14":"purchasable","15":"product-type-simple"},"_links":{"self":[{"href":"https:\/\/daicatquangyen.com\/en\/wp-json\/wp\/v2\/product\/1898","targetHints":{"allow":["GET"]}}],"collection":[{"href":"https:\/\/daicatquangyen.com\/en\/wp-json\/wp\/v2\/product"}],"about":[{"href":"https:\/\/daicatquangyen.com\/en\/wp-json\/wp\/v2\/types\/product"}],"replies":[{"embeddable":true,"href":"https:\/\/daicatquangyen.com\/en\/wp-json\/wp\/v2\/comments?post=1898"}],"wp:featuredmedia":[{"embeddable":true,"href":"https:\/\/daicatquangyen.com\/en\/wp-json\/wp\/v2\/media\/1981"}],"wp:attachment":[{"href":"https:\/\/daicatquangyen.com\/en\/wp-json\/wp\/v2\/media?parent=1898"}],"wp:term":[{"taxonomy":"product_brand","embeddable":true,"href":"https:\/\/daicatquangyen.com\/en\/wp-json\/wp\/v2\/product_brand?post=1898"},{"taxonomy":"product_cat","embeddable":true,"href":"https:\/\/daicatquangyen.com\/en\/wp-json\/wp\/v2\/product_cat?post=1898"},{"taxonomy":"product_tag","embeddable":true,"href":"https:\/\/daicatquangyen.com\/en\/wp-json\/wp\/v2\/product_tag?post=1898"}],"curies":[{"name":"wp","href":"https:\/\/api.w.org\/{rel}","templated":true}]}}