{"id":30,"date":"2018-07-13T15:01:54","date_gmt":"2018-07-13T15:01:54","guid":{"rendered":"http:\/\/localhost\/concung\/?post_type=product&#038;p=30"},"modified":"2026-04-06T09:55:53","modified_gmt":"2026-04-06T02:55:53","slug":"mat-ong-vi-sam","status":"publish","type":"product","link":"https:\/\/daicatquangyen.com\/en\/product\/mat-ong-vi-sam\/","title":{"rendered":"G\u1eebng ng\u00e2m m\u1eadt ong"},"content":{"rendered":"<p>G\u1eebng Ng\u00e2m M\u1eadt Ong 300ml\/ 839.5kcal<\/p>\n<p>==========================<\/p>\n<p>1. C\u00f4ng D\u1ee5ng:<\/p>\n<p>&#8211; H\u1ed7 tr\u1ee3 ch\u0103m s\u00f3c s\u1ee9c kh\u1ecfe h\u1eb1ng ng\u00e0y, gi\u00fap l\u00e0m \u1ea5m c\u01a1 th\u1ec3.<\/p>\n<p>2. H\u01b0\u1edbng d\u1eabn s\u1eed d\u1ee5ng:<\/p>\n<p>&#8211; M\u1ed7i ng\u00e0y d\u00f9ng 1-2 mu\u1ed7ng G\u1eebng v\u00e0 1 mu\u1ed7ng M\u1eadt ong, c\u00f3 th\u1ec3 d\u00f9ng tr\u1ef1c ti\u1ebfp ho\u1eb7c pha v\u1edbi n\u01b0\u1edbc n\u00f3ng u\u1ed1ng nh\u01b0 tr\u00e0.<\/p>\n<p>&#8211; Th\u1eddi gian d\u00f9ng t\u1ed1t nh\u1ea5t v\u00e0o bu\u1ed5i s\u00e1ng.<\/p>\n<p>3. \u0110\u1ed1i t\u01b0\u1ee3ng s\u1eed d\u1ee5ng:<\/p>\n<p>&#8211; Ngo\u1ea1i tr\u1eeb tr\u1ebb em d\u01b0\u1edbi 1 tu\u1ed5i, ph\u1ea7n l\u1edbn nh\u1eefng ng\u01b0\u1eddi trong gia \u0111\u00ecnh \u0111\u1ec1u c\u00f3 th\u1ec3 s\u1eed d\u1ee5ng \u0111\u01b0\u1ee3c, \u0111\u1eb7c bi\u1ec7t l\u00e0 nh\u1eefng ng\u01b0\u1eddi cao huy\u1ebft \u00e1p, c\u00f3 ti\u1ec1n s\u1eed b\u1ec7nh tim m\u1ea1ch, cao m\u1ee1 m\u00e1u\u2026<\/p>\n<p>* L\u01b0u \u00fd:<\/p>\n<p>&#8211; Kh\u00f4ng s\u1eed d\u1ee5ng qu\u00e1 nhi\u1ec1u tr\u00e1nh g\u00e2y n\u00f3ng trong ng\u01b0\u1eddi.<\/p>\n<p>4. Th\u00e0nh ph\u1ea7n:<\/p>\n<p>&#8211; M\u1eadt ong nguy\u00ean ch\u1ea5t (78%), g\u1eebng t\u01b0\u01a1i (22%).<\/p>\n<p>5. H\u01b0\u1edbng d\u1eabn b\u1ea3o qu\u1ea3n:<\/p>\n<p>&#8211; B\u1ea3o qu\u1ea3n n\u01a1i kh\u00f4 m\u00e1t v\u00e0 tr\u00e1nh \u00e1nh n\u1eafng m\u1eb7t tr\u1eddi.<\/p>\n<p>&#8211; S\u1eed d\u1ee5ng mu\u1ed7ng s\u1ea1ch \u0111\u1ec3 l\u1ea5y m\u1eadt, \u0111\u00f3ng k\u00edn n\u1eafp v\u00e0 c\u1ea5t ng\u0103n m\u00e1t t\u1ee7 l\u1ea1nh sau khi s\u1eed d\u1ee5ng xong.<\/p>","protected":false},"excerpt":{"rendered":"<p>G\u1eebng Ng\u00e2m M\u1eadt Ong 300ml\/ 839.5kcal ========================== 1. C\u00f4ng D\u1ee5ng: &#8211; H\u1ed7 tr\u1ee3 ch\u0103m s\u00f3c s\u1ee9c kh\u1ecfe h\u1eb1ng ng\u00e0y, gi\u00fap l\u00e0m \u1ea5m c\u01a1 th\u1ec3. 2. H\u01b0\u1edbng d\u1eabn s\u1eed d\u1ee5ng: &#8211; M\u1ed7i ng\u00e0y d\u00f9ng 1-2 mu\u1ed7ng G\u1eebng v\u00e0 1 mu\u1ed7ng M\u1eadt ong, c\u00f3 th\u1ec3 d\u00f9ng tr\u1ef1c ti\u1ebfp ho\u1eb7c pha v\u1edbi n\u01b0\u1edbc n\u00f3ng u\u1ed1ng nh\u01b0 tr\u00e0. &#8211; [&#8230;]","protected":false},"featured_media":2030,"comment_status":"open","ping_status":"closed","template":"","meta":[],"product_brand":[],"product_cat":[139],"product_tag":[],"class_list":{"0":"post-30","1":"product","2":"type-product","3":"status-publish","4":"has-post-thumbnail","6":"product_cat-san-pham-mat-ong","8":"first","9":"instock","10":"shipping-taxable","11":"purchasable","12":"product-type-simple"},"_links":{"self":[{"href":"https:\/\/daicatquangyen.com\/en\/wp-json\/wp\/v2\/product\/30","targetHints":{"allow":["GET"]}}],"collection":[{"href":"https:\/\/daicatquangyen.com\/en\/wp-json\/wp\/v2\/product"}],"about":[{"href":"https:\/\/daicatquangyen.com\/en\/wp-json\/wp\/v2\/types\/product"}],"replies":[{"embeddable":true,"href":"https:\/\/daicatquangyen.com\/en\/wp-json\/wp\/v2\/comments?post=30"}],"wp:featuredmedia":[{"embeddable":true,"href":"https:\/\/daicatquangyen.com\/en\/wp-json\/wp\/v2\/media\/2030"}],"wp:attachment":[{"href":"https:\/\/daicatquangyen.com\/en\/wp-json\/wp\/v2\/media?parent=30"}],"wp:term":[{"taxonomy":"product_brand","embeddable":true,"href":"https:\/\/daicatquangyen.com\/en\/wp-json\/wp\/v2\/product_brand?post=30"},{"taxonomy":"product_cat","embeddable":true,"href":"https:\/\/daicatquangyen.com\/en\/wp-json\/wp\/v2\/product_cat?post=30"},{"taxonomy":"product_tag","embeddable":true,"href":"https:\/\/daicatquangyen.com\/en\/wp-json\/wp\/v2\/product_tag?post=30"}],"curies":[{"name":"wp","href":"https:\/\/api.w.org\/{rel}","templated":true}]}}