{"id":33,"date":"2018-07-13T15:03:46","date_gmt":"2018-07-13T15:03:46","guid":{"rendered":"http:\/\/localhost\/concung\/?post_type=product&#038;p=33"},"modified":"2026-04-06T09:47:25","modified_gmt":"2026-04-06T02:47:25","slug":"mat-ong-nguyen-chat","status":"publish","type":"product","link":"https:\/\/daicatquangyen.com\/en\/product\/mat-ong-nguyen-chat\/","title":{"rendered":"Pure Honey"},"content":{"rendered":"<p>\u0110\u00f3ng g\u00f3i: H\u0169 300ml\/500ml<\/p>\n<p>M\u1eadt ong l\u00e0 m\u00f3n qu\u00e0 m\u00e0 thi\u00ean nhi\u00ean \u0111\u00e3 ban t\u1eb7ng cho con ng\u01b0\u1eddi v\u1edbi h\u00e0ng tr\u0103m d\u01b0\u1ee1ng ch\u1ea5t qu\u00fd gi\u00e1. M\u1eadt ong c\u1ee7a \u0110\u1ea1i C\u00e1t Quang Y\u1ebfn \u0111\u01b0\u1ee3c thu t\u1eeb m\u1eadt hoa c\u1ecf m\u1eadt, m\u1ed9t lo\u1ea1i c\u00e2y m\u1ecdc t\u1ef1 nhi\u00ean tr\u00ean cao nguy\u00ean \u0110aklak. M\u1eadt ong thu ho\u1ea1ch b\u1eb1ng ph\u01b0\u01a1ng ph\u00e1p th\u1ee7 c\u00f4ng n\u00ean gi\u1eef nguy\u00ean h\u01b0\u01a1ng th\u01a1m, v\u1ecb ng\u1ecdt t\u1ef1 nhi\u00ean v\u00e0 ho\u00e0n to\u00e0n nguy\u00ean ch\u1ea5t.<\/p>\n<p>M\u1eadt ong nguy\u00ean ch\u1ea5t c\u00f3 th\u1ec3 s\u1eed d\u1ee5ng tr\u1ef1c ti\u1ebfp ho\u1eb7c ch\u1ebf bi\u1ebfn th\u00e0nh nhi\u1ec1u m\u00f3n \u0103n h\u1ea5p d\u1eabn.<\/p>\n<p>Xu\u1ea5t x\u1ee9: Vi\u1ec7t Nam<\/p>\n<p>C\u00e1ch d\u00f9ng:<\/p>\n<ul>\n<li>S\u1eed d\u1ee5ng h\u1eb1ng ng\u00e0y \u0111\u1ec3 thay th\u1ebf c\u00e1c lo\u1ea1i \u0111\u01b0\u1eddng th\u00f4ng th\u01b0\u1eddng.<\/li>\n<li>Pha v\u1edbi n\u01b0\u1edbc \u1ea5m v\u00e0 chanh \u0111\u1ec3 u\u1ed1ng v\u00e0o s\u00e1ng s\u1edbm m\u1ed7i ng\u00e0y \u0111\u1ec3 thanh l\u1ecdc c\u01a1 th\u1ec3.<\/li>\n<li>B\u00f4i m\u1eadt ong l\u00ean v\u1ebft th\u01b0\u01a1ng gi\u00fap gi\u1ea3m \u0111au v\u00e0 ch\u1ed1ng nhi\u1ec5m tr\u00f9ng.<\/li>\n<li>Ch\u01b0ng m\u1eadt v\u1edbi t\u1eafc ho\u1eb7c chanh \u0111\u1ec3 ng\u1eadm ch\u1eefa hoa.<\/li>\n<li>Tr\u1ed9n m\u1eadt ong v\u1edbi b\u1ed9t ngh\u1ec7 ho\u1eb7c v\u1edbi t\u1ecfi \u0111\u1ec3 \u0103n h\u1eb1ng ng\u00e0y nh\u1eb1m ph\u00f2ng ch\u1ed1ng v\u00e0 \u0111i\u1ec1u tr\u1ecb c\u00e1c b\u1ec7nh c\u1ea3m c\u00fam, d\u1ea1 d\u00e0y&#8230;<\/li>\n<li>S\u1eed d\u1ee5ng m\u1eadt ong \u0111\u1ec3 l\u00e0m b\u00e1nh, sinh t\u1ed1, \u0103n c\u00f9ng s\u1eefa chua&#8230;<\/li>\n<\/ul>\n<p>B\u1ea3o qu\u1ea3n n\u01a1i kh\u00f4 r\u00e1o, tho\u00e1ng m\u00e1t tr\u00e1nh \u00e1nh s\u00e1ng m\u1eb7t tr\u1eddi tr\u1ef1c ti\u1ebfp.<\/p>\n<p>L\u01b0u \u00fd:<\/p>\n<ul>\n<li>M\u1eadt ong pha lo\u00e3ng s\u1ebd gi\u00fap tr\u1ebb nh\u1ecf h\u1ea5p thu t\u1ed1t h\u01a1n.<\/li>\n<li>Nhi\u1ec7t \u0111\u1ed9 t\u1ed1t nh\u1ea5t \u0111\u1ec3 pha m\u1eadt ong l\u00e0 40 \u0111\u1ed9 C, tuy\u1ec7t \u0111\u1ed1i kh\u00f4ng pha m\u1eadt ong v\u1edbi n\u01b0\u1edbc s\u00f4i v\u00ec s\u1ebd l\u00e0m m\u1ea5t \u0111i th\u00e0nh ph\u1ea7n dinh d\u01b0\u1ee1ng c\u00f3 trong m\u1eadt ong.<\/li>\n<\/ul>","protected":false},"excerpt":{"rendered":"<p>\u0110\u00f3ng g\u00f3i: H\u0169 300ml\/500ml M\u1eadt ong l\u00e0 m\u00f3n qu\u00e0 m\u00e0 thi\u00ean nhi\u00ean \u0111\u00e3 ban t\u1eb7ng cho con ng\u01b0\u1eddi v\u1edbi h\u00e0ng tr\u0103m d\u01b0\u1ee1ng ch\u1ea5t qu\u00fd gi\u00e1. M\u1eadt ong c\u1ee7a \u0110\u1ea1i C\u00e1t Quang Y\u1ebfn \u0111\u01b0\u1ee3c thu t\u1eeb m\u1eadt hoa c\u1ecf m\u1eadt, m\u1ed9t lo\u1ea1i c\u00e2y m\u1ecdc t\u1ef1 nhi\u00ean tr\u00ean cao nguy\u00ean \u0110aklak. M\u1eadt ong thu ho\u1ea1ch b\u1eb1ng ph\u01b0\u01a1ng [&#8230;]","protected":false},"featured_media":2021,"comment_status":"open","ping_status":"closed","template":"","meta":[],"product_brand":[],"product_cat":[139],"product_tag":[],"class_list":{"0":"post-33","1":"product","2":"type-product","3":"status-publish","4":"has-post-thumbnail","6":"product_cat-san-pham-mat-ong","8":"first","9":"instock","10":"featured","11":"shipping-taxable","12":"purchasable","13":"product-type-variable"},"_links":{"self":[{"href":"https:\/\/daicatquangyen.com\/en\/wp-json\/wp\/v2\/product\/33","targetHints":{"allow":["GET"]}}],"collection":[{"href":"https:\/\/daicatquangyen.com\/en\/wp-json\/wp\/v2\/product"}],"about":[{"href":"https:\/\/daicatquangyen.com\/en\/wp-json\/wp\/v2\/types\/product"}],"replies":[{"embeddable":true,"href":"https:\/\/daicatquangyen.com\/en\/wp-json\/wp\/v2\/comments?post=33"}],"wp:featuredmedia":[{"embeddable":true,"href":"https:\/\/daicatquangyen.com\/en\/wp-json\/wp\/v2\/media\/2021"}],"wp:attachment":[{"href":"https:\/\/daicatquangyen.com\/en\/wp-json\/wp\/v2\/media?parent=33"}],"wp:term":[{"taxonomy":"product_brand","embeddable":true,"href":"https:\/\/daicatquangyen.com\/en\/wp-json\/wp\/v2\/product_brand?post=33"},{"taxonomy":"product_cat","embeddable":true,"href":"https:\/\/daicatquangyen.com\/en\/wp-json\/wp\/v2\/product_cat?post=33"},{"taxonomy":"product_tag","embeddable":true,"href":"https:\/\/daicatquangyen.com\/en\/wp-json\/wp\/v2\/product_tag?post=33"}],"curies":[{"name":"wp","href":"https:\/\/api.w.org\/{rel}","templated":true}]}}