{"id":41,"date":"2018-07-13T15:08:56","date_gmt":"2018-07-13T08:08:56","guid":{"rendered":"http:\/\/localhost\/concung\/?post_type=product&#038;p=41"},"modified":"2026-04-06T10:29:26","modified_gmt":"2026-04-06T03:29:26","slug":"yen-chung-bach-qua","status":"publish","type":"product","link":"https:\/\/daicatquangyen.com\/en\/product\/yen-chung-bach-qua\/","title":{"rendered":"Y\u1ebfn ch\u01b0ng b\u1ea1ch qu\u1ea3 t\u00e1o \u0111\u1ecf"},"content":{"rendered":"<p>Y\u1ebfn ch\u01b0ng s\u1eb5n \u0111\u01b0\u1ee3c ch\u01b0ng t\u1eeb 6gr y\u1ebfn kh\u00f4 cho h\u0169 200ml 12gr y\u1ebfn kh\u00f4 cho chai 310ml. Y\u1ebfn ch\u1ec9 \u0111\u01b0\u1ee3c ng\u00e2m v\u00e0 ch\u01b0ng khi kh\u00e1ch \u0111\u1eb7t h\u00e0ng. Sau \u0111\u00f3 giao \u0111\u1ebfn tay kh\u00e1ch kh\u00f4ng l\u00e2u sau khi v\u1eeba ch\u01b0ng xong.<\/p>\n<p>Y\u1ebfn ch\u01b0ng \u0111\u00e3 tr\u1edf th\u00e0nh m\u00f3n \u0103n b\u1ed5 d\u01b0\u1ee1ng tuy\u1ec7t v\u1eddi kh\u00f4ng c\u1ea7n ph\u1ea3i k\u1ef3 c\u00f4ng chu\u1ea9n b\u1ecb v\u00e0 t\u1ed1t cho s\u1ee9c kh\u1ecfe c\u1ee7a c\u1ea3 gia \u0111\u00ecnh: gi\u00fap m\u1eb9 d\u01b0\u1ee1ng nhan, gi\u00fap b\u00e9 \u0103n ngon, gi\u00fap b\u1ed1 th\u01b0 gi\u00e3n \u0111\u1ea7u \u00f3c v\u00e0 \u00f4ng b\u00e0 c\u00f3 th\u1ec3 ng\u1ee7 ngon h\u01a1n.<\/p>\n<p>C\u00e1ch d\u00f9ng: 1 ph\u1ea7n y\u1ebfn ch\u01b0ng 200ml c\u00f3 th\u1ec3 d\u00f9ng 1-2 l\u1ea7n, 310ml c\u00f3 th\u1ec3 chia l\u00e0m 2-3 l\u1ea7n d\u00f9ng. B\u1ea3o qu\u1ea3n trong ng\u0103n m\u00e1t t\u1ee7 l\u1ea1nh trong 1 tu\u1ea7n.<\/p>\n<p>D\u00f9ng y\u1ebfn ch\u01b0ng t\u1ed1t nh\u1ea5t l\u00e0 khi b\u1ee5ng r\u1ed7ng, 30 ph\u00fat tr\u01b0\u1edbc khi \u0103n s\u00e1ng, bu\u1ed5i x\u1ebf chi\u1ec1u ho\u1eb7c tr\u01b0\u1edbc khi \u0111i ng\u1ee7 \u0111\u1ec3 c\u01a1 th\u1ec3 h\u1ea5p thu to\u00e0n b\u1ed9 dinh d\u01b0\u1ee1ng trong y\u1ebfn.<\/p>\n<p>L\u01b0u \u00fd:<\/p>\n<p>Kh\u00f4ng d\u00f9ng y\u1ebfn ch\u01b0ng cho:<\/p>\n<ul>\n<li>Tr\u1ebb em d\u01b0\u1edbi 1 tu\u1ed5i.<\/li>\n<li>Ph\u1ee5 n\u1eef c\u00f3 thai d\u01b0\u1edbi 3 th\u00e1ng.<\/li>\n<\/ul>","protected":false},"excerpt":{"rendered":"<p>Y\u1ebfn ch\u01b0ng s\u1eb5n \u0111\u01b0\u1ee3c ch\u01b0ng t\u1eeb 6gr y\u1ebfn kh\u00f4 cho h\u0169 200ml 12gr y\u1ebfn kh\u00f4 cho chai 310ml. Y\u1ebfn ch\u1ec9 \u0111\u01b0\u1ee3c ng\u00e2m v\u00e0 ch\u01b0ng khi kh\u00e1ch \u0111\u1eb7t h\u00e0ng. Sau \u0111\u00f3 giao \u0111\u1ebfn tay kh\u00e1ch kh\u00f4ng l\u00e2u sau khi v\u1eeba ch\u01b0ng xong. Y\u1ebfn ch\u01b0ng \u0111\u00e3 tr\u1edf th\u00e0nh m\u00f3n \u0103n b\u1ed5 d\u01b0\u1ee1ng tuy\u1ec7t v\u1eddi kh\u00f4ng c\u1ea7n ph\u1ea3i [&#8230;]","protected":false},"featured_media":2060,"comment_status":"open","ping_status":"closed","template":"","meta":[],"product_brand":[],"product_cat":[134],"product_tag":[],"class_list":{"0":"post-41","1":"product","2":"type-product","3":"status-publish","4":"has-post-thumbnail","6":"product_cat-yen-chung-tuoi-nguyen-chat","8":"first","9":"instock","10":"shipping-taxable","11":"purchasable","12":"product-type-variable"},"_links":{"self":[{"href":"https:\/\/daicatquangyen.com\/en\/wp-json\/wp\/v2\/product\/41","targetHints":{"allow":["GET"]}}],"collection":[{"href":"https:\/\/daicatquangyen.com\/en\/wp-json\/wp\/v2\/product"}],"about":[{"href":"https:\/\/daicatquangyen.com\/en\/wp-json\/wp\/v2\/types\/product"}],"replies":[{"embeddable":true,"href":"https:\/\/daicatquangyen.com\/en\/wp-json\/wp\/v2\/comments?post=41"}],"wp:featuredmedia":[{"embeddable":true,"href":"https:\/\/daicatquangyen.com\/en\/wp-json\/wp\/v2\/media\/2060"}],"wp:attachment":[{"href":"https:\/\/daicatquangyen.com\/en\/wp-json\/wp\/v2\/media?parent=41"}],"wp:term":[{"taxonomy":"product_brand","embeddable":true,"href":"https:\/\/daicatquangyen.com\/en\/wp-json\/wp\/v2\/product_brand?post=41"},{"taxonomy":"product_cat","embeddable":true,"href":"https:\/\/daicatquangyen.com\/en\/wp-json\/wp\/v2\/product_cat?post=41"},{"taxonomy":"product_tag","embeddable":true,"href":"https:\/\/daicatquangyen.com\/en\/wp-json\/wp\/v2\/product_tag?post=41"}],"curies":[{"name":"wp","href":"https:\/\/api.w.org\/{rel}","templated":true}]}}