{"id":43,"date":"2018-07-13T15:10:14","date_gmt":"2018-07-13T08:10:14","guid":{"rendered":"http:\/\/localhost\/concung\/?post_type=product&#038;p=43"},"modified":"2026-04-06T10:26:17","modified_gmt":"2026-04-06T03:26:17","slug":"yen-chung-sam-mat-ong","status":"publish","type":"product","link":"https:\/\/daicatquangyen.com\/en\/product\/yen-chung-sam-mat-ong\/","title":{"rendered":"Y\u1ebfn ch\u01b0ng s\u00e2m m\u1eadt ong"},"content":{"rendered":"<p>Cho S\u1ee9c Kho\u1ebb V\u00e0ng<\/p>\n<p>M\u00f3n \u201c\u0111\u1ea1i b\u1ed5\u201d v\u1edbi c\u00e1c th\u00e0nh ph\u1ea7n: y\u1ebfn s\u00e0o s\u1ea1ch, nh\u00e2n s\u00e2m H\u00e0n Qu\u1ed1c v\u00e0 m\u1eadt ong. C\u00f3 c\u00f4ng d\u1ee5ng b\u1ed5 ph\u1ed5i, b\u1ed5 huy\u1ebft, t\u0103ng c\u01b0\u1eddng s\u1ee9c \u0111\u1ec1 kh\u00e1ng, gi\u1ea3m c\u0103ng th\u1eb3ng, gi\u00fap ng\u1ee7 ngon, l\u00e0m \u0111\u1eb9p da\u2026<br \/>\nY\u1ebfn ch\u01b0ng s\u00e2m m\u1eadt ong l\u00e0 m\u00f3n qu\u00e0 c\u1ef1c t\u1ed1t cho s\u1ee9c kh\u1ecfe, \u0111\u1eb7c bi\u1ec7t l\u00e0 \u0111\u1ed1i v\u1edbi ng\u01b0\u1eddi gi\u00e0, nh\u1eefng ng\u01b0\u1eddi lao \u0111\u1ed9ng \u0111\u1ea7u \u00f3c..<\/p>\n<p>C\u00e1ch d\u00f9ng: 1 ph\u1ea7n y\u1ebfn ch\u01b0ng 310ml c\u00f3 th\u1ec3 chia l\u00e0m 2-3 l\u1ea7n d\u00f9ng. B\u1ea3o qu\u1ea3n trong ng\u0103n m\u00e1t t\u1ee7 l\u1ea1nh trong 1 tu\u1ea7n.<\/p>\n<p>D\u00f9ng y\u1ebfn ch\u01b0ng t\u1ed1t nh\u1ea5t l\u00e0 khi b\u1ee5ng r\u1ed7ng, 30 ph\u00fat tr\u01b0\u1edbc khi \u0103n s\u00e1ng, bu\u1ed5i x\u1ebf chi\u1ec1u ho\u1eb7c tr\u01b0\u1edbc khi \u0111i ng\u1ee7 \u0111\u1ec3 c\u01a1 th\u1ec3 h\u1ea5p thu to\u00e0n b\u1ed9 dinh d\u01b0\u1ee1ng trong y\u1ebfn.<\/p>\n<p>&nbsp;<\/p>\n<p>L\u01b0u \u00fd:<\/p>\n<p>Kh\u00f4ng d\u00f9ng y\u1ebfn ch\u01b0ng cho:<\/p>\n<ul>\n<li>Tr\u1ebb em d\u01b0\u1edbi 1 tu\u1ed5i.<\/li>\n<li>Ph\u1ee5 n\u1eef c\u00f3 thai d\u01b0\u1edbi 3 th\u00e1ng.<\/li>\n<\/ul>","protected":false},"excerpt":{"rendered":"<p>Cho S\u1ee9c Kho\u1ebb V\u00e0ng M\u00f3n \u201c\u0111\u1ea1i b\u1ed5\u201d v\u1edbi c\u00e1c th\u00e0nh ph\u1ea7n: y\u1ebfn s\u00e0o s\u1ea1ch, nh\u00e2n s\u00e2m H\u00e0n Qu\u1ed1c v\u00e0 m\u1eadt ong. C\u00f3 c\u00f4ng d\u1ee5ng b\u1ed5 ph\u1ed5i, b\u1ed5 huy\u1ebft, t\u0103ng c\u01b0\u1eddng s\u1ee9c \u0111\u1ec1 kh\u00e1ng, gi\u1ea3m c\u0103ng th\u1eb3ng, gi\u00fap ng\u1ee7 ngon, l\u00e0m \u0111\u1eb9p da\u2026 Y\u1ebfn ch\u01b0ng s\u00e2m m\u1eadt ong l\u00e0 m\u00f3n qu\u00e0 c\u1ef1c t\u1ed1t cho s\u1ee9c kh\u1ecfe, [&#8230;]","protected":false},"featured_media":2065,"comment_status":"open","ping_status":"closed","template":"","meta":[],"product_brand":[],"product_cat":[134],"product_tag":[],"class_list":{"0":"post-43","1":"product","2":"type-product","3":"status-publish","4":"has-post-thumbnail","6":"product_cat-yen-chung-tuoi-nguyen-chat","8":"first","9":"instock","10":"shipping-taxable","11":"purchasable","12":"product-type-variable"},"_links":{"self":[{"href":"https:\/\/daicatquangyen.com\/en\/wp-json\/wp\/v2\/product\/43","targetHints":{"allow":["GET"]}}],"collection":[{"href":"https:\/\/daicatquangyen.com\/en\/wp-json\/wp\/v2\/product"}],"about":[{"href":"https:\/\/daicatquangyen.com\/en\/wp-json\/wp\/v2\/types\/product"}],"replies":[{"embeddable":true,"href":"https:\/\/daicatquangyen.com\/en\/wp-json\/wp\/v2\/comments?post=43"}],"wp:featuredmedia":[{"embeddable":true,"href":"https:\/\/daicatquangyen.com\/en\/wp-json\/wp\/v2\/media\/2065"}],"wp:attachment":[{"href":"https:\/\/daicatquangyen.com\/en\/wp-json\/wp\/v2\/media?parent=43"}],"wp:term":[{"taxonomy":"product_brand","embeddable":true,"href":"https:\/\/daicatquangyen.com\/en\/wp-json\/wp\/v2\/product_brand?post=43"},{"taxonomy":"product_cat","embeddable":true,"href":"https:\/\/daicatquangyen.com\/en\/wp-json\/wp\/v2\/product_cat?post=43"},{"taxonomy":"product_tag","embeddable":true,"href":"https:\/\/daicatquangyen.com\/en\/wp-json\/wp\/v2\/product_tag?post=43"}],"curies":[{"name":"wp","href":"https:\/\/api.w.org\/{rel}","templated":true}]}}