{"id":45,"date":"2018-07-13T15:11:56","date_gmt":"2018-07-13T08:11:56","guid":{"rendered":"http:\/\/localhost\/concung\/?post_type=product&#038;p=45"},"modified":"2026-04-06T10:23:33","modified_gmt":"2026-04-06T03:23:33","slug":"yen-chung-le-han-quoc","status":"publish","type":"product","link":"https:\/\/daicatquangyen.com\/en\/product\/yen-chung-le-han-quoc\/","title":{"rendered":"Y\u1ebfn ch\u01b0ng L\u00ea H\u00e0n Qu\u1ed1c"},"content":{"rendered":"<p>Kho\u1ebb ph\u1ed5i, m\u00e1t da, c\u1ea3 nh\u00e0 \u0111\u1ec1u th\u00edch.<br \/>\n1 ph\u1ea7n y\u1ebfn ch\u01b0ng l\u00ea bao g\u1ed3m 310ml y\u1ebfn ch\u01b0ng + n\u1eeda qu\u1ea3 l\u00ea H\u00e0n Qu\u1ed1c \u0111\u01b0\u1ee3c ch\u1ebf bi\u1ebfn c\u00f4ng phu.<br \/>\nM\u1ed9t lo\u1ea1i y\u1ebfn ch\u01b0ng th\u01a1m m\u00e1t v\u1ecb tr\u00e1i c\u00e2y, b\u1ed5 d\u01b0\u1ee1ng v\u00e0 ngon mi\u1ec7ng l\u1ea1i th\u00edch h\u1ee3p cho m\u1ecdi th\u00e0nh vi\u00ean trong gia \u0111\u00ecnh. Kh\u00f4ng c\u00f3 g\u00ec ph\u1ea3i \u0111\u1eafn \u0111i khi d\u00f9ng th\u1eed ph\u1ea3i kh\u00f4ng n\u00e8.<\/p>\n<p>C\u00e1ch d\u00f9ng: 1 ph\u1ea7n y\u1ebfn ch\u01b0ng 310ml c\u00f3 th\u1ec3 chia l\u00e0m 2-3 l\u1ea7n d\u00f9ng. B\u1ea3o qu\u1ea3n trong ng\u0103n m\u00e1t t\u1ee7 l\u1ea1nh trong 1 tu\u1ea7n.<\/p>\n<p>D\u00f9ng y\u1ebfn ch\u01b0ng t\u1ed1t nh\u1ea5t l\u00e0 khi b\u1ee5ng r\u1ed7ng, 30 ph\u00fat tr\u01b0\u1edbc khi \u0103n s\u00e1ng, bu\u1ed5i x\u1ebf chi\u1ec1u ho\u1eb7c tr\u01b0\u1edbc khi \u0111i ng\u1ee7 \u0111\u1ec3 c\u01a1 th\u1ec3 h\u1ea5p thu to\u00e0n b\u1ed9 dinh d\u01b0\u1ee1ng trong y\u1ebfn.<\/p>\n<p>&nbsp;<\/p>\n<p>L\u01b0u \u00fd:<\/p>\n<p>Kh\u00f4ng d\u00f9ng y\u1ebfn ch\u01b0ng cho:<\/p>\n<ul>\n<li>Tr\u1ebb em d\u01b0\u1edbi 1 tu\u1ed5i.<\/li>\n<li>Ph\u1ee5 n\u1eef c\u00f3 thai d\u01b0\u1edbi 3 th\u00e1ng.<\/li>\n<\/ul>","protected":false},"excerpt":{"rendered":"<p>Kho\u1ebb ph\u1ed5i, m\u00e1t da, c\u1ea3 nh\u00e0 \u0111\u1ec1u th\u00edch. 1 ph\u1ea7n y\u1ebfn ch\u01b0ng l\u00ea bao g\u1ed3m 310ml y\u1ebfn ch\u01b0ng + n\u1eeda qu\u1ea3 l\u00ea H\u00e0n Qu\u1ed1c \u0111\u01b0\u1ee3c ch\u1ebf bi\u1ebfn c\u00f4ng phu. M\u1ed9t lo\u1ea1i y\u1ebfn ch\u01b0ng th\u01a1m m\u00e1t v\u1ecb tr\u00e1i c\u00e2y, b\u1ed5 d\u01b0\u1ee1ng v\u00e0 ngon mi\u1ec7ng l\u1ea1i th\u00edch h\u1ee3p cho m\u1ecdi th\u00e0nh vi\u00ean trong gia \u0111\u00ecnh. Kh\u00f4ng c\u00f3 [&#8230;]","protected":false},"featured_media":2064,"comment_status":"open","ping_status":"closed","template":"","meta":[],"product_brand":[],"product_cat":[134],"product_tag":[],"class_list":{"0":"post-45","1":"product","2":"type-product","3":"status-publish","4":"has-post-thumbnail","6":"product_cat-yen-chung-tuoi-nguyen-chat","8":"first","9":"instock","10":"shipping-taxable","11":"purchasable","12":"product-type-simple"},"_links":{"self":[{"href":"https:\/\/daicatquangyen.com\/en\/wp-json\/wp\/v2\/product\/45","targetHints":{"allow":["GET"]}}],"collection":[{"href":"https:\/\/daicatquangyen.com\/en\/wp-json\/wp\/v2\/product"}],"about":[{"href":"https:\/\/daicatquangyen.com\/en\/wp-json\/wp\/v2\/types\/product"}],"replies":[{"embeddable":true,"href":"https:\/\/daicatquangyen.com\/en\/wp-json\/wp\/v2\/comments?post=45"}],"wp:featuredmedia":[{"embeddable":true,"href":"https:\/\/daicatquangyen.com\/en\/wp-json\/wp\/v2\/media\/2064"}],"wp:attachment":[{"href":"https:\/\/daicatquangyen.com\/en\/wp-json\/wp\/v2\/media?parent=45"}],"wp:term":[{"taxonomy":"product_brand","embeddable":true,"href":"https:\/\/daicatquangyen.com\/en\/wp-json\/wp\/v2\/product_brand?post=45"},{"taxonomy":"product_cat","embeddable":true,"href":"https:\/\/daicatquangyen.com\/en\/wp-json\/wp\/v2\/product_cat?post=45"},{"taxonomy":"product_tag","embeddable":true,"href":"https:\/\/daicatquangyen.com\/en\/wp-json\/wp\/v2\/product_tag?post=45"}],"curies":[{"name":"wp","href":"https:\/\/api.w.org\/{rel}","templated":true}]}}