{"id":957,"date":"2018-07-13T15:27:37","date_gmt":"2018-07-13T08:27:37","guid":{"rendered":"http:\/\/localhost\/concung\/?post_type=product&#038;p=59"},"modified":"2026-04-06T10:17:38","modified_gmt":"2026-04-06T03:17:38","slug":"yen-chung-la-dua-hat-chia","status":"publish","type":"product","link":"https:\/\/daicatquangyen.com\/en\/product\/yen-chung-la-dua-hat-chia\/","title":{"rendered":"Y\u1ebfn ch\u01b0ng l\u00e1 d\u1ee9a h\u1ea1t chia"},"content":{"rendered":"<p>Quy c\u00e1ch: Chai 310ml<\/p>\n<p>M\u00f3n Qu\u00e0 D\u00e0nh Cho Ph\u00e1i \u0110\u1eb9p.<br \/>\nVi\u1ec7c k\u1ebft h\u1ee3p t\u1ed5 y\u1ebfn, h\u1ea1t chia, l\u00e1 d\u1ee9a, sau \u0111\u00f3 th\u00eam \u00edt \u0111\u01b0\u1eddng ph\u00e8n r\u1ed3i ch\u01b0ng c\u00e1ch th\u1ee7y s\u1ebd t\u1ea1o n\u00ean m\u1ed9t m\u00f3n \u0103n h\u1ebft s\u1ee9c b\u1ed5 d\u01b0\u1ee1ng, th\u01a1m m\u00e1t v\u00e0 ngon mi\u1ec7ng, l\u00e0 m\u00f3n qu\u00e0 l\u00e0m \u0111\u1eb9p t\u1eeb b\u00ean trong kh\u00f3 g\u00ec s\u00e1nh b\u1eb1ng d\u00e0nh cho ph\u00e1i n\u1eef.<\/p>\n<p>C\u00e1ch d\u00f9ng: 1 ph\u1ea7n y\u1ebfn ch\u01b0ng 310ml c\u00f3 th\u1ec3 chia l\u00e0m 2-3 l\u1ea7n d\u00f9ng. B\u1ea3o qu\u1ea3n trong ng\u0103n m\u00e1t t\u1ee7 l\u1ea1nh trong 1 tu\u1ea7n.<\/p>\n<p>D\u00f9ng y\u1ebfn ch\u01b0ng t\u1ed1t nh\u1ea5t l\u00e0 khi b\u1ee5ng r\u1ed7ng, 30 ph\u00fat tr\u01b0\u1edbc khi \u0103n s\u00e1ng, bu\u1ed5i x\u1ebf chi\u1ec1u ho\u1eb7c tr\u01b0\u1edbc khi \u0111i ng\u1ee7 \u0111\u1ec3 c\u01a1 th\u1ec3 h\u1ea5p thu to\u00e0n b\u1ed9 dinh d\u01b0\u1ee1ng trong y\u1ebfn.<\/p>\n<p>&nbsp;<\/p>\n<p>L\u01b0u \u00fd:<\/p>\n<p>Kh\u00f4ng d\u00f9ng y\u1ebfn ch\u01b0ng cho:<\/p>\n<ul>\n<li>Tr\u1ebb em d\u01b0\u1edbi 1 tu\u1ed5i.<\/li>\n<li>Ph\u1ee5 n\u1eef c\u00f3 thai d\u01b0\u1edbi 3 th\u00e1ng.<\/li>\n<\/ul>","protected":false},"excerpt":{"rendered":"<p>Quy c\u00e1ch: Chai 310ml M\u00f3n Qu\u00e0 D\u00e0nh Cho Ph\u00e1i \u0110\u1eb9p. Vi\u1ec7c k\u1ebft h\u1ee3p t\u1ed5 y\u1ebfn, h\u1ea1t chia, l\u00e1 d\u1ee9a, sau \u0111\u00f3 th\u00eam \u00edt \u0111\u01b0\u1eddng ph\u00e8n r\u1ed3i ch\u01b0ng c\u00e1ch th\u1ee7y s\u1ebd t\u1ea1o n\u00ean m\u1ed9t m\u00f3n \u0103n h\u1ebft s\u1ee9c b\u1ed5 d\u01b0\u1ee1ng, th\u01a1m m\u00e1t v\u00e0 ngon mi\u1ec7ng, l\u00e0 m\u00f3n qu\u00e0 l\u00e0m \u0111\u1eb9p t\u1eeb b\u00ean trong kh\u00f3 g\u00ec s\u00e1nh [&#8230;]","protected":false},"featured_media":2068,"comment_status":"open","ping_status":"closed","template":"","meta":[],"product_brand":[],"product_cat":[134],"product_tag":[],"class_list":{"0":"post-957","1":"product","2":"type-product","3":"status-publish","4":"has-post-thumbnail","6":"product_cat-yen-chung-tuoi-nguyen-chat","8":"first","9":"instock","10":"shipping-taxable","11":"purchasable","12":"product-type-variable"},"_links":{"self":[{"href":"https:\/\/daicatquangyen.com\/en\/wp-json\/wp\/v2\/product\/957","targetHints":{"allow":["GET"]}}],"collection":[{"href":"https:\/\/daicatquangyen.com\/en\/wp-json\/wp\/v2\/product"}],"about":[{"href":"https:\/\/daicatquangyen.com\/en\/wp-json\/wp\/v2\/types\/product"}],"replies":[{"embeddable":true,"href":"https:\/\/daicatquangyen.com\/en\/wp-json\/wp\/v2\/comments?post=957"}],"wp:featuredmedia":[{"embeddable":true,"href":"https:\/\/daicatquangyen.com\/en\/wp-json\/wp\/v2\/media\/2068"}],"wp:attachment":[{"href":"https:\/\/daicatquangyen.com\/en\/wp-json\/wp\/v2\/media?parent=957"}],"wp:term":[{"taxonomy":"product_brand","embeddable":true,"href":"https:\/\/daicatquangyen.com\/en\/wp-json\/wp\/v2\/product_brand?post=957"},{"taxonomy":"product_cat","embeddable":true,"href":"https:\/\/daicatquangyen.com\/en\/wp-json\/wp\/v2\/product_cat?post=957"},{"taxonomy":"product_tag","embeddable":true,"href":"https:\/\/daicatquangyen.com\/en\/wp-json\/wp\/v2\/product_tag?post=957"}],"curies":[{"name":"wp","href":"https:\/\/api.w.org\/{rel}","templated":true}]}}